{"id":1956,"date":"2023-12-07T12:10:35","date_gmt":"2023-12-07T11:10:35","guid":{"rendered":"https:\/\/unitedwintergames.com\/sport\/"},"modified":"2024-02-08T12:05:13","modified_gmt":"2024-02-08T11:05:13","slug":"sport","status":"publish","type":"page","link":"https:\/\/unitedwintergames.com\/it\/sport\/","title":{"rendered":"Sport"},"content":{"rendered":"\t\t<div data-elementor-type=\"wp-page\" data-elementor-id=\"1956\" class=\"elementor elementor-1956 elementor-1764\">\n\t\t\t\t<div class=\"elementor-element elementor-element-19053c45 e-con-full e-flex e-con e-parent\" data-id=\"19053c45\" data-element_type=\"container\">\n\t\t<div class=\"elementor-element elementor-element-13d33862 e-con-full e-flex e-con e-child\" data-id=\"13d33862\" data-element_type=\"container\" data-settings=\"{&quot;background_background&quot;:&quot;classic&quot;}\">\n\t\t\t\t<div class=\"elementor-element elementor-element-46ad004 elementor-widget elementor-widget-heading\" data-id=\"46ad004\" data-element_type=\"widget\" data-widget_type=\"heading.default\">\n\t\t\t\t<div class=\"elementor-widget-container\">\n\t\t\t\t\t<p class=\"elementor-heading-title elementor-size-default\">Partecipate ai primi giochi invernali uniti<\/p>\t\t\t\t<\/div>\n\t\t\t\t<\/div>\n\t\t\t\t<div class=\"elementor-element elementor-element-53363d62 elementor-widget elementor-widget-heading\" data-id=\"53363d62\" data-element_type=\"widget\" data-widget_type=\"heading.default\">\n\t\t\t\t<div class=\"elementor-widget-container\">\n\t\t\t\t\t<h1 class=\"elementor-heading-title elementor-size-default\">Lo sport<\/h1>\t\t\t\t<\/div>\n\t\t\t\t<\/div>\n\t\t\t\t<div class=\"elementor-element elementor-element-725f68b elementor-widget elementor-widget-text-editor\" data-id=\"725f68b\" data-element_type=\"widget\" data-widget_type=\"text-editor.default\">\n\t\t\t\t<div class=\"elementor-widget-container\">\n\t\t\t\t\t\t\t\t\t<p>Azione pura: tutte le informazioni su hockey su ghiaccio, freestyle e sci ai Giochi invernali. Gareggiare, giocare e fare festa!<\/p>\n\t\t\t\t\t\t\t\t<\/div>\n\t\t\t\t<\/div>\n\t\t\t\t<\/div>\n\t\t<div class=\"elementor-element elementor-element-3bce9c6a e-con-full e-flex e-con e-child\" data-id=\"3bce9c6a\" data-element_type=\"container\" data-settings=\"{&quot;background_background&quot;:&quot;classic&quot;}\">\n\t\t\t\t<\/div>\n\t\t\t\t<\/div>\n\t\t<div class=\"elementor-element elementor-element-750dc561 e-flex e-con-boxed e-con e-parent\" data-id=\"750dc561\" data-element_type=\"container\" id=\"verein\" data-settings=\"{&quot;background_background&quot;:&quot;gradient&quot;}\">\n\t\t\t\t\t<div class=\"e-con-inner\">\n\t\t<div class=\"elementor-element elementor-element-1f28ce23 e-con-full e-flex e-con e-child\" data-id=\"1f28ce23\" data-element_type=\"container\">\n\t\t\t\t<div class=\"elementor-element elementor-element-4a632b82 elementor-widget elementor-widget-heading\" data-id=\"4a632b82\" data-element_type=\"widget\" data-widget_type=\"heading.default\">\n\t\t\t\t<div class=\"elementor-widget-container\">\n\t\t\t\t\t<h2 class=\"elementor-heading-title elementor-size-default\">Club dei piloti<\/h2>\t\t\t\t<\/div>\n\t\t\t\t<\/div>\n\t\t\t\t<div class=\"elementor-element elementor-element-36161a1 elementor-widget elementor-widget-image\" data-id=\"36161a1\" data-element_type=\"widget\" data-widget_type=\"image.default\">\n\t\t\t\t<div class=\"elementor-widget-container\">\n\t\t\t\t\t\t\t\t\t\t\t\t\t\t\t<img fetchpriority=\"high\" decoding=\"async\" width=\"800\" height=\"533\" src=\"https:\/\/unitedwintergames.com\/wp-content\/uploads\/2023\/12\/Kinderrennen_Hrast.webp\" class=\"attachment-large size-large wp-image-1928\" alt=\"\" srcset=\"https:\/\/unitedwintergames.com\/wp-content\/uploads\/2023\/12\/Kinderrennen_Hrast.webp 800w, https:\/\/unitedwintergames.com\/wp-content\/uploads\/2023\/12\/Kinderrennen_Hrast-300x200.webp 300w, https:\/\/unitedwintergames.com\/wp-content\/uploads\/2023\/12\/Kinderrennen_Hrast-768x512.webp 768w\" sizes=\"(max-width: 800px) 100vw, 800px\" \/>\t\t\t\t\t\t\t\t\t\t\t\t\t\t\t<\/div>\n\t\t\t\t<\/div>\n\t\t\t\t<\/div>\n\t\t<div class=\"elementor-element elementor-element-552ce0 e-con-full e-flex e-con e-child\" data-id=\"552ce0\" data-element_type=\"container\">\n\t\t\t\t<div class=\"elementor-element elementor-element-49e2fee elementor-widget elementor-widget-text-editor\" data-id=\"49e2fee\" data-element_type=\"widget\" data-widget_type=\"text-editor.default\">\n\t\t\t\t<div class=\"elementor-widget-container\">\n\t\t\t\t\t\t\t\t\t<p>Tutti gli atleti di sport invernali che fanno parte di un club e gareggiano con gli sci possono confrontarsi in questa classe con i migliori sciatori di coppa e di club della Carinzia e non solo, ad esempio della Svizzera. L&#8217;Associazione sciistica della Carinzia ha mantenuto libera la data dei Giochi invernali uniti. L&#8217;attrezzatura per lo slalom e lo slalom gigante deve essere portata con s\u00e9.<\/p><\/p>\n\t\t\t\t\t\t\t\t<\/div>\n\t\t\t\t<\/div>\n\t\t\t\t<div class=\"elementor-element elementor-element-9797e18 elementor-widget elementor-widget-text-editor\" data-id=\"9797e18\" data-element_type=\"widget\" data-widget_type=\"text-editor.default\">\n\t\t\t\t<div class=\"elementor-widget-container\">\n\t\t\t\t\t\t\t\t\t<p><strong>Ragazze e ragazzi<\/strong><\/p>\n<ul>\n<li>Bambini 11 \/ 12 (nati nel 2012-2013)<\/li>\n<li>Alunni 14 (nati nel 2010-2011)<\/li>\n<li>Alunni 16 (nati nel 2008-2009)<\/li>\n<li>Giovani 18 (nati nel 2006-2007)<\/li>\n<li>Giovani 21 (nati nel 2003-2005)<\/li>\n<\/ul>\n\t\t\t\t\t\t\t\t<\/div>\n\t\t\t\t<\/div>\n\t\t\t\t<\/div>\n\t\t<div class=\"elementor-element elementor-element-7d770122 e-con-full e-flex e-con e-child\" data-id=\"7d770122\" data-element_type=\"container\">\n\t\t\t\t<div class=\"elementor-element elementor-element-6a1b6f9 elementor-widget elementor-widget-text-editor\" data-id=\"6a1b6f9\" data-element_type=\"widget\" data-widget_type=\"text-editor.default\">\n\t\t\t\t<div class=\"elementor-widget-container\">\n\t\t\t\t\t\t\t\t\t<p><strong>Classificazione combinata separata per i corridori<\/strong><\/p>\n<p>\u00c8 prevista una classifica di slalom e slalom gigante per gli sciatori di club, che saranno premiati alla festa degli atleti sabato sera sulla pista di ghiaccio di Ferlach. Questa classifica include i risultati dello slalom notturno di venerd\u00ec e dello slalom gigante di sabato. La gara di mini-cross di domenica conter\u00e0 solo per la tripla combinazione, che sar\u00e0 utilizzata per selezionare il campione UWG.<\/p>\n<p>In qualit\u00e0 di corridore del club, partirete in testa con il vostro numero di gara e quindi avrete la migliore opportunit\u00e0 di dimostrare le vostre abilit\u00e0. I nostri corsi sono conformi ai regolamenti ufficiali FIS e ai requisiti di gara per le fasce d&#8217;et\u00e0 proposte. I partecipanti sono tenuti a prendere parte a tutte e tre le gare (venerd\u00ec, sabato e domenica). Ogni partecipante ricever\u00e0 un&#8217;ampia goodie bag con il proprio numero di gara.<\/p>\n\t\t\t\t\t\t\t\t<\/div>\n\t\t\t\t<\/div>\n\t\t\t\t<\/div>\n\t\t\t\t\t<\/div>\n\t\t\t\t<\/div>\n\t\t<div class=\"elementor-element elementor-element-c8bee5c e-flex e-con-boxed e-con e-parent\" data-id=\"c8bee5c\" data-element_type=\"container\" id=\"offen\" data-settings=\"{&quot;background_background&quot;:&quot;classic&quot;}\">\n\t\t\t\t\t<div class=\"e-con-inner\">\n\t\t<div class=\"elementor-element elementor-element-d0bfa59 e-con-full e-flex e-con e-child\" data-id=\"d0bfa59\" data-element_type=\"container\">\n\t\t\t\t<div class=\"elementor-element elementor-element-118a4d1 elementor-widget elementor-widget-heading\" data-id=\"118a4d1\" data-element_type=\"widget\" data-widget_type=\"heading.default\">\n\t\t\t\t<div class=\"elementor-widget-container\">\n\t\t\t\t\t<h2 class=\"elementor-heading-title elementor-size-default\">Sciatore o snowboarder senza esperienza di gara<\/h2>\t\t\t\t<\/div>\n\t\t\t\t<\/div>\n\t\t\t\t<div class=\"elementor-element elementor-element-8142c23 elementor-widget elementor-widget-image\" data-id=\"8142c23\" data-element_type=\"widget\" data-widget_type=\"image.default\">\n\t\t\t\t<div class=\"elementor-widget-container\">\n\t\t\t\t\t\t\t\t\t\t\t\t\t\t\t<img decoding=\"async\" width=\"800\" height=\"533\" src=\"https:\/\/unitedwintergames.com\/wp-content\/uploads\/2023\/12\/IMG_5301.webp\" class=\"attachment-large size-large wp-image-1932\" alt=\"\" srcset=\"https:\/\/unitedwintergames.com\/wp-content\/uploads\/2023\/12\/IMG_5301.webp 800w, https:\/\/unitedwintergames.com\/wp-content\/uploads\/2023\/12\/IMG_5301-300x200.webp 300w, https:\/\/unitedwintergames.com\/wp-content\/uploads\/2023\/12\/IMG_5301-768x512.webp 768w\" sizes=\"(max-width: 800px) 100vw, 800px\" \/>\t\t\t\t\t\t\t\t\t\t\t\t\t\t\t<\/div>\n\t\t\t\t<\/div>\n\t\t\t\t<\/div>\n\t\t<div class=\"elementor-element elementor-element-d683ce8 e-con-full e-flex e-con e-child\" data-id=\"d683ce8\" data-element_type=\"container\">\n\t\t\t\t<div class=\"elementor-element elementor-element-78f59a8 elementor-widget elementor-widget-text-editor\" data-id=\"78f59a8\" data-element_type=\"widget\" data-widget_type=\"text-editor.default\">\n\t\t\t\t<div class=\"elementor-widget-container\">\n\t\t\t\t\t\t\t\t\t<p>Questa categoria di gara \u00e8 aperta a tutti coloro che desiderano gareggiare attraverso i cancelli di un evento invernale. Senza un&#8217;attrezzatura speciale, un paio di sci \u00e8 sufficiente per l&#8217;intero fine settimana &#8211; e la possibilit\u00e0 di diventare campione UWG \u00e8 viva!<\/p>\n\t\t\t\t\t\t\t\t<\/div>\n\t\t\t\t<\/div>\n\t\t\t\t<div class=\"elementor-element elementor-element-4005f5e elementor-widget elementor-widget-text-editor\" data-id=\"4005f5e\" data-element_type=\"widget\" data-widget_type=\"text-editor.default\">\n\t\t\t\t<div class=\"elementor-widget-container\">\n\t\t\t\t\t\t\t\t\t<p>Le categorie di et\u00e0 proposte sono identiche a quelle delle classi di gara:  <br \/><strong>Ragazze e ragazzi<\/strong><\/p>\n<ul>\n<li>Bambini 11 \/ 12 (nati nel 2012-2013)<\/li>\n<li>Alunni 14 (nati nel 2010-2011)<\/li>\n<li>Alunni 16 (nati nel 2008-2009)<\/li>\n<li>Giovani 18 (nati nel 2006-2007)<\/li>\n<li>Giovani 21 (nati nel 2003-2005)<\/li>\n<\/ul>\n\t\t\t\t\t\t\t\t<\/div>\n\t\t\t\t<\/div>\n\t\t\t\t<\/div>\n\t\t<div class=\"elementor-element elementor-element-81c2dd0 e-con-full e-flex e-con e-child\" data-id=\"81c2dd0\" data-element_type=\"container\">\n\t\t\t\t<div class=\"elementor-element elementor-element-37e2acb elementor-widget elementor-widget-text-editor\" data-id=\"37e2acb\" data-element_type=\"widget\" data-widget_type=\"text-editor.default\">\n\t\t\t\t<div class=\"elementor-widget-container\">\n\t\t\t\t\t\t\t\t\t<p>Con la categoria open, vogliamo togliervi un po&#8217; di pressione e mettere il divertimento in primo piano. Tutti sono invitati a partecipare e a gareggiare con persone che la pensano allo stesso modo per tre giorni sulla neve. Al termine di tre giorni di divertimento sulla neve in Carinzia, verr\u00e0 incoronato il campione invernale dell&#8217;UWG e verranno strette molte nuove amicizie. Al momento del check-in, ogni partente ricever\u00e0 un&#8217;ampia borsa con il proprio numero di gara.<\/p>\n\t\t\t\t\t\t\t\t<\/div>\n\t\t\t\t<\/div>\n\t\t\t\t<\/div>\n\t\t\t\t\t<\/div>\n\t\t\t\t<\/div>\n\t\t\t\t<\/div>\n\t\t","protected":false},"excerpt":{"rendered":"<p>Partecipate ai primi giochi invernali uniti Lo sport Azione pura: tutte le informazioni su hockey su ghiaccio, freestyle e sci ai Giochi invernali. Gareggiare, giocare e fare festa! Club dei piloti Tutti gli atleti di sport invernali che fanno parte di un club e gareggiano con gli sci possono confrontarsi in questa classe con i [&hellip;]<\/p>\n","protected":false},"author":1,"featured_media":0,"parent":0,"menu_order":0,"comment_status":"closed","ping_status":"closed","template":"","meta":{"footnotes":""},"class_list":["post-1956","page","type-page","status-publish","hentry"],"yoast_head":"<!-- This site is optimized with the Yoast SEO plugin v27.0 - https:\/\/yoast.com\/product\/yoast-seo-wordpress\/ -->\n<title>Sport - United Winter Games<\/title>\n<meta name=\"robots\" content=\"index, follow, max-snippet:-1, max-image-preview:large, max-video-preview:-1\" \/>\n<link rel=\"canonical\" href=\"https:\/\/unitedwintergames.com\/it\/sport\/\" \/>\n<meta property=\"og:locale\" content=\"it_IT\" \/>\n<meta property=\"og:type\" content=\"article\" \/>\n<meta property=\"og:title\" content=\"Sport - United Winter Games\" \/>\n<meta property=\"og:description\" content=\"Partecipate ai primi giochi invernali uniti Lo sport Azione pura: tutte le informazioni su hockey su ghiaccio, freestyle e sci ai Giochi invernali. Gareggiare, giocare e fare festa! Club dei piloti Tutti gli atleti di sport invernali che fanno parte di un club e gareggiano con gli sci possono confrontarsi in questa classe con i [&hellip;]\" \/>\n<meta property=\"og:url\" content=\"https:\/\/unitedwintergames.com\/it\/sport\/\" \/>\n<meta property=\"og:site_name\" content=\"United Winter Games\" \/>\n<meta property=\"article:publisher\" content=\"https:\/\/www.facebook.com\/UnitedWorldGames\" \/>\n<meta property=\"article:modified_time\" content=\"2024-02-08T11:05:13+00:00\" \/>\n<meta property=\"og:image\" content=\"https:\/\/unitedwintergames.com\/wp-content\/uploads\/2023\/12\/Kinderrennen_Hrast.webp\" \/>\n<meta name=\"twitter:card\" content=\"summary_large_image\" \/>\n<meta name=\"twitter:label1\" content=\"Tempo di lettura stimato\" \/>\n\t<meta name=\"twitter:data1\" content=\"2 minuti\" \/>\n<script type=\"application\/ld+json\" class=\"yoast-schema-graph\">{\"@context\":\"https:\/\/schema.org\",\"@graph\":[{\"@type\":\"WebPage\",\"@id\":\"https:\/\/unitedwintergames.com\/it\/sport\/\",\"url\":\"https:\/\/unitedwintergames.com\/it\/sport\/\",\"name\":\"Sport - United Winter Games\",\"isPartOf\":{\"@id\":\"https:\/\/unitedwintergames.com\/#website\"},\"primaryImageOfPage\":{\"@id\":\"https:\/\/unitedwintergames.com\/it\/sport\/#primaryimage\"},\"image\":{\"@id\":\"https:\/\/unitedwintergames.com\/it\/sport\/#primaryimage\"},\"thumbnailUrl\":\"https:\/\/unitedwintergames.com\/wp-content\/uploads\/2023\/12\/Kinderrennen_Hrast.webp\",\"datePublished\":\"2023-12-07T11:10:35+00:00\",\"dateModified\":\"2024-02-08T11:05:13+00:00\",\"breadcrumb\":{\"@id\":\"https:\/\/unitedwintergames.com\/it\/sport\/#breadcrumb\"},\"inLanguage\":\"it-IT\",\"potentialAction\":[{\"@type\":\"ReadAction\",\"target\":[\"https:\/\/unitedwintergames.com\/it\/sport\/\"]}]},{\"@type\":\"ImageObject\",\"inLanguage\":\"it-IT\",\"@id\":\"https:\/\/unitedwintergames.com\/it\/sport\/#primaryimage\",\"url\":\"https:\/\/unitedwintergames.com\/wp-content\/uploads\/2023\/12\/Kinderrennen_Hrast.webp\",\"contentUrl\":\"https:\/\/unitedwintergames.com\/wp-content\/uploads\/2023\/12\/Kinderrennen_Hrast.webp\"},{\"@type\":\"BreadcrumbList\",\"@id\":\"https:\/\/unitedwintergames.com\/it\/sport\/#breadcrumb\",\"itemListElement\":[{\"@type\":\"ListItem\",\"position\":1,\"name\":\"Startseite\",\"item\":\"https:\/\/unitedwintergames.com\/\"},{\"@type\":\"ListItem\",\"position\":2,\"name\":\"Sport\"}]},{\"@type\":\"WebSite\",\"@id\":\"https:\/\/unitedwintergames.com\/#website\",\"url\":\"https:\/\/unitedwintergames.com\/\",\"name\":\"United Winter Games\",\"description\":\"\",\"publisher\":{\"@id\":\"https:\/\/unitedwintergames.com\/#organization\"},\"potentialAction\":[{\"@type\":\"SearchAction\",\"target\":{\"@type\":\"EntryPoint\",\"urlTemplate\":\"https:\/\/unitedwintergames.com\/?s={search_term_string}\"},\"query-input\":{\"@type\":\"PropertyValueSpecification\",\"valueRequired\":true,\"valueName\":\"search_term_string\"}}],\"inLanguage\":\"it-IT\"},{\"@type\":\"Organization\",\"@id\":\"https:\/\/unitedwintergames.com\/#organization\",\"name\":\"United Winter Games\",\"url\":\"https:\/\/unitedwintergames.com\/\",\"logo\":{\"@type\":\"ImageObject\",\"inLanguage\":\"it-IT\",\"@id\":\"https:\/\/unitedwintergames.com\/#\/schema\/logo\/image\/\",\"url\":\"https:\/\/unitedwintergames.com\/wp-content\/uploads\/2023\/09\/UWG-Winter-final_de.svg\",\"contentUrl\":\"https:\/\/unitedwintergames.com\/wp-content\/uploads\/2023\/09\/UWG-Winter-final_de.svg\",\"width\":364,\"height\":169,\"caption\":\"United Winter Games\"},\"image\":{\"@id\":\"https:\/\/unitedwintergames.com\/#\/schema\/logo\/image\/\"},\"sameAs\":[\"https:\/\/www.facebook.com\/UnitedWorldGames\",\"https:\/\/www.instagram.com\/unitedworldgames\/\"]}]}<\/script>\n<!-- \/ Yoast SEO plugin. -->","yoast_head_json":{"title":"Sport - United Winter Games","robots":{"index":"index","follow":"follow","max-snippet":"max-snippet:-1","max-image-preview":"max-image-preview:large","max-video-preview":"max-video-preview:-1"},"canonical":"https:\/\/unitedwintergames.com\/it\/sport\/","og_locale":"it_IT","og_type":"article","og_title":"Sport - United Winter Games","og_description":"Partecipate ai primi giochi invernali uniti Lo sport Azione pura: tutte le informazioni su hockey su ghiaccio, freestyle e sci ai Giochi invernali. Gareggiare, giocare e fare festa! Club dei piloti Tutti gli atleti di sport invernali che fanno parte di un club e gareggiano con gli sci possono confrontarsi in questa classe con i [&hellip;]","og_url":"https:\/\/unitedwintergames.com\/it\/sport\/","og_site_name":"United Winter Games","article_publisher":"https:\/\/www.facebook.com\/UnitedWorldGames","article_modified_time":"2024-02-08T11:05:13+00:00","og_image":[{"url":"https:\/\/unitedwintergames.com\/wp-content\/uploads\/2023\/12\/Kinderrennen_Hrast.webp","type":"","width":"","height":""}],"twitter_card":"summary_large_image","twitter_misc":{"Tempo di lettura stimato":"2 minuti"},"schema":{"@context":"https:\/\/schema.org","@graph":[{"@type":"WebPage","@id":"https:\/\/unitedwintergames.com\/it\/sport\/","url":"https:\/\/unitedwintergames.com\/it\/sport\/","name":"Sport - United Winter Games","isPartOf":{"@id":"https:\/\/unitedwintergames.com\/#website"},"primaryImageOfPage":{"@id":"https:\/\/unitedwintergames.com\/it\/sport\/#primaryimage"},"image":{"@id":"https:\/\/unitedwintergames.com\/it\/sport\/#primaryimage"},"thumbnailUrl":"https:\/\/unitedwintergames.com\/wp-content\/uploads\/2023\/12\/Kinderrennen_Hrast.webp","datePublished":"2023-12-07T11:10:35+00:00","dateModified":"2024-02-08T11:05:13+00:00","breadcrumb":{"@id":"https:\/\/unitedwintergames.com\/it\/sport\/#breadcrumb"},"inLanguage":"it-IT","potentialAction":[{"@type":"ReadAction","target":["https:\/\/unitedwintergames.com\/it\/sport\/"]}]},{"@type":"ImageObject","inLanguage":"it-IT","@id":"https:\/\/unitedwintergames.com\/it\/sport\/#primaryimage","url":"https:\/\/unitedwintergames.com\/wp-content\/uploads\/2023\/12\/Kinderrennen_Hrast.webp","contentUrl":"https:\/\/unitedwintergames.com\/wp-content\/uploads\/2023\/12\/Kinderrennen_Hrast.webp"},{"@type":"BreadcrumbList","@id":"https:\/\/unitedwintergames.com\/it\/sport\/#breadcrumb","itemListElement":[{"@type":"ListItem","position":1,"name":"Startseite","item":"https:\/\/unitedwintergames.com\/"},{"@type":"ListItem","position":2,"name":"Sport"}]},{"@type":"WebSite","@id":"https:\/\/unitedwintergames.com\/#website","url":"https:\/\/unitedwintergames.com\/","name":"United Winter Games","description":"","publisher":{"@id":"https:\/\/unitedwintergames.com\/#organization"},"potentialAction":[{"@type":"SearchAction","target":{"@type":"EntryPoint","urlTemplate":"https:\/\/unitedwintergames.com\/?s={search_term_string}"},"query-input":{"@type":"PropertyValueSpecification","valueRequired":true,"valueName":"search_term_string"}}],"inLanguage":"it-IT"},{"@type":"Organization","@id":"https:\/\/unitedwintergames.com\/#organization","name":"United Winter Games","url":"https:\/\/unitedwintergames.com\/","logo":{"@type":"ImageObject","inLanguage":"it-IT","@id":"https:\/\/unitedwintergames.com\/#\/schema\/logo\/image\/","url":"https:\/\/unitedwintergames.com\/wp-content\/uploads\/2023\/09\/UWG-Winter-final_de.svg","contentUrl":"https:\/\/unitedwintergames.com\/wp-content\/uploads\/2023\/09\/UWG-Winter-final_de.svg","width":364,"height":169,"caption":"United Winter Games"},"image":{"@id":"https:\/\/unitedwintergames.com\/#\/schema\/logo\/image\/"},"sameAs":["https:\/\/www.facebook.com\/UnitedWorldGames","https:\/\/www.instagram.com\/unitedworldgames\/"]}]}},"_links":{"self":[{"href":"https:\/\/unitedwintergames.com\/it\/wp-json\/wp\/v2\/pages\/1956","targetHints":{"allow":["GET"]}}],"collection":[{"href":"https:\/\/unitedwintergames.com\/it\/wp-json\/wp\/v2\/pages"}],"about":[{"href":"https:\/\/unitedwintergames.com\/it\/wp-json\/wp\/v2\/types\/page"}],"author":[{"embeddable":true,"href":"https:\/\/unitedwintergames.com\/it\/wp-json\/wp\/v2\/users\/1"}],"replies":[{"embeddable":true,"href":"https:\/\/unitedwintergames.com\/it\/wp-json\/wp\/v2\/comments?post=1956"}],"version-history":[{"count":4,"href":"https:\/\/unitedwintergames.com\/it\/wp-json\/wp\/v2\/pages\/1956\/revisions"}],"predecessor-version":[{"id":2058,"href":"https:\/\/unitedwintergames.com\/it\/wp-json\/wp\/v2\/pages\/1956\/revisions\/2058"}],"wp:attachment":[{"href":"https:\/\/unitedwintergames.com\/it\/wp-json\/wp\/v2\/media?parent=1956"}],"curies":[{"name":"wp","href":"https:\/\/api.w.org\/{rel}","templated":true}]}}