{"id":1271,"date":"2023-09-26T10:03:12","date_gmt":"2023-09-26T08:03:12","guid":{"rendered":"https:\/\/unitedwintergames.com\/odtis\/"},"modified":"2023-11-08T08:30:36","modified_gmt":"2023-11-08T07:30:36","slug":"odtis","status":"publish","type":"page","link":"https:\/\/unitedwintergames.com\/sl\/odtis\/","title":{"rendered":"Odtis"},"content":{"rendered":"\t\t<div data-elementor-type=\"wp-page\" data-elementor-id=\"1271\" class=\"elementor elementor-1271 elementor-257\">\n\t\t\t\t<div class=\"elementor-element elementor-element-b860bb3 e-flex e-con-boxed e-con e-parent\" data-id=\"b860bb3\" data-element_type=\"container\">\n\t\t\t\t\t<div class=\"e-con-inner\">\n\t\t\t\t<div class=\"elementor-element elementor-element-96e0c44 elementor-widget elementor-widget-heading\" data-id=\"96e0c44\" data-element_type=\"widget\" data-widget_type=\"heading.default\">\n\t\t\t\t<div class=\"elementor-widget-container\">\n\t\t\t\t\t<h1 class=\"elementor-heading-title elementor-size-default\">Odtis<\/h1>\t\t\t\t<\/div>\n\t\t\t\t<\/div>\n\t\t\t\t<div class=\"elementor-element elementor-element-ec86c05 elementor-widget elementor-widget-text-editor\" data-id=\"ec86c05\" data-element_type=\"widget\" data-widget_type=\"text-editor.default\">\n\t\t\t\t<div class=\"elementor-widget-container\">\n\t\t\t\t\t\t\t\t\t<p>Klubski podatki: Zdru\u017eene svetovne igre<\/p>\n<p>Sede\u017e Celovec ob W\u00f6rthersee (Klagenfurt am W\u00f6thersee)<br \/>c\/o United World Games<br \/>Naslov za vro\u010danje: 9020 Klagenfurt am W\u00f6rthersee, Siebenh\u00fcgelstrasse 107A\/2<br \/>Dr\u017eava Avstrija<\/p>\n<p>Predstavniki podjetja: Franziskus Bertl<br \/>Generalni sekretar: Robin Deisenhammer<br \/>Predsednica: Elisabeth Puschan<\/p>\n<p>Odgovornost: Koro\u0161ka de\u017eelna policijska uprava<br \/>\u0160tevilka ZVR: 083156547<\/p>\n\t\t\t\t\t\t\t\t<\/div>\n\t\t\t\t<\/div>\n\t\t\t\t\t<\/div>\n\t\t\t\t<\/div>\n\t\t\t\t<\/div>\n\t\t","protected":false},"excerpt":{"rendered":"<p>Odtis Klubski podatki: Zdru\u017eene svetovne igre Sede\u017e Celovec ob W\u00f6rthersee (Klagenfurt am W\u00f6thersee)c\/o United World GamesNaslov za vro\u010danje: 9020 Klagenfurt am W\u00f6rthersee, Siebenh\u00fcgelstrasse 107A\/2Dr\u017eava Avstrija Predstavniki podjetja: Franziskus BertlGeneralni sekretar: Robin DeisenhammerPredsednica: Elisabeth Puschan Odgovornost: Koro\u0161ka de\u017eelna policijska uprava\u0160tevilka ZVR: 083156547<\/p>\n","protected":false},"author":1,"featured_media":0,"parent":0,"menu_order":0,"comment_status":"closed","ping_status":"closed","template":"","meta":{"footnotes":""},"class_list":["post-1271","page","type-page","status-publish","hentry"],"yoast_head":"<!-- This site is optimized with the Yoast SEO plugin v27.0 - https:\/\/yoast.com\/product\/yoast-seo-wordpress\/ -->\n<title>Odtis - United Winter Games<\/title>\n<meta name=\"robots\" content=\"index, follow, max-snippet:-1, max-image-preview:large, max-video-preview:-1\" \/>\n<link rel=\"canonical\" href=\"https:\/\/unitedwintergames.com\/sl\/?page_id=1271\" \/>\n<meta property=\"og:locale\" content=\"sl_SI\" \/>\n<meta property=\"og:type\" content=\"article\" \/>\n<meta property=\"og:title\" content=\"Odtis - United Winter Games\" \/>\n<meta property=\"og:description\" content=\"Odtis Klubski podatki: Zdru\u017eene svetovne igre Sede\u017e Celovec ob W\u00f6rthersee (Klagenfurt am W\u00f6thersee)c\/o United World GamesNaslov za vro\u010danje: 9020 Klagenfurt am W\u00f6rthersee, Siebenh\u00fcgelstrasse 107A\/2Dr\u017eava Avstrija Predstavniki podjetja: Franziskus BertlGeneralni sekretar: Robin DeisenhammerPredsednica: Elisabeth Puschan Odgovornost: Koro\u0161ka de\u017eelna policijska uprava\u0160tevilka ZVR: 083156547\" \/>\n<meta property=\"og:url\" content=\"https:\/\/unitedwintergames.com\/sl\/?page_id=1271\" \/>\n<meta property=\"og:site_name\" content=\"United Winter Games\" \/>\n<meta property=\"article:publisher\" content=\"https:\/\/www.facebook.com\/UnitedWorldGames\" \/>\n<meta property=\"article:modified_time\" content=\"2023-11-08T07:30:36+00:00\" \/>\n<meta name=\"twitter:card\" content=\"summary_large_image\" \/>\n<script type=\"application\/ld+json\" class=\"yoast-schema-graph\">{\"@context\":\"https:\/\/schema.org\",\"@graph\":[{\"@type\":\"WebPage\",\"@id\":\"https:\/\/unitedwintergames.com\/sl\/?page_id=1271\",\"url\":\"https:\/\/unitedwintergames.com\/sl\/?page_id=1271\",\"name\":\"Odtis - United Winter Games\",\"isPartOf\":{\"@id\":\"https:\/\/unitedwintergames.com\/#website\"},\"datePublished\":\"2023-09-26T08:03:12+00:00\",\"dateModified\":\"2023-11-08T07:30:36+00:00\",\"breadcrumb\":{\"@id\":\"https:\/\/unitedwintergames.com\/sl\/?page_id=1271#breadcrumb\"},\"inLanguage\":\"sl-SI\",\"potentialAction\":[{\"@type\":\"ReadAction\",\"target\":[\"https:\/\/unitedwintergames.com\/sl\/?page_id=1271\"]}]},{\"@type\":\"BreadcrumbList\",\"@id\":\"https:\/\/unitedwintergames.com\/sl\/?page_id=1271#breadcrumb\",\"itemListElement\":[{\"@type\":\"ListItem\",\"position\":1,\"name\":\"Startseite\",\"item\":\"https:\/\/unitedwintergames.com\/\"},{\"@type\":\"ListItem\",\"position\":2,\"name\":\"Odtis\"}]},{\"@type\":\"WebSite\",\"@id\":\"https:\/\/unitedwintergames.com\/#website\",\"url\":\"https:\/\/unitedwintergames.com\/\",\"name\":\"United Winter Games\",\"description\":\"\",\"publisher\":{\"@id\":\"https:\/\/unitedwintergames.com\/#organization\"},\"potentialAction\":[{\"@type\":\"SearchAction\",\"target\":{\"@type\":\"EntryPoint\",\"urlTemplate\":\"https:\/\/unitedwintergames.com\/?s={search_term_string}\"},\"query-input\":{\"@type\":\"PropertyValueSpecification\",\"valueRequired\":true,\"valueName\":\"search_term_string\"}}],\"inLanguage\":\"sl-SI\"},{\"@type\":\"Organization\",\"@id\":\"https:\/\/unitedwintergames.com\/#organization\",\"name\":\"United Winter Games\",\"url\":\"https:\/\/unitedwintergames.com\/\",\"logo\":{\"@type\":\"ImageObject\",\"inLanguage\":\"sl-SI\",\"@id\":\"https:\/\/unitedwintergames.com\/#\/schema\/logo\/image\/\",\"url\":\"https:\/\/unitedwintergames.com\/wp-content\/uploads\/2023\/09\/UWG-Winter-final_de.svg\",\"contentUrl\":\"https:\/\/unitedwintergames.com\/wp-content\/uploads\/2023\/09\/UWG-Winter-final_de.svg\",\"width\":364,\"height\":169,\"caption\":\"United Winter Games\"},\"image\":{\"@id\":\"https:\/\/unitedwintergames.com\/#\/schema\/logo\/image\/\"},\"sameAs\":[\"https:\/\/www.facebook.com\/UnitedWorldGames\",\"https:\/\/www.instagram.com\/unitedworldgames\/\"]}]}<\/script>\n<!-- \/ Yoast SEO plugin. -->","yoast_head_json":{"title":"Odtis - United Winter Games","robots":{"index":"index","follow":"follow","max-snippet":"max-snippet:-1","max-image-preview":"max-image-preview:large","max-video-preview":"max-video-preview:-1"},"canonical":"https:\/\/unitedwintergames.com\/sl\/?page_id=1271","og_locale":"sl_SI","og_type":"article","og_title":"Odtis - United Winter Games","og_description":"Odtis Klubski podatki: Zdru\u017eene svetovne igre Sede\u017e Celovec ob W\u00f6rthersee (Klagenfurt am W\u00f6thersee)c\/o United World GamesNaslov za vro\u010danje: 9020 Klagenfurt am W\u00f6rthersee, Siebenh\u00fcgelstrasse 107A\/2Dr\u017eava Avstrija Predstavniki podjetja: Franziskus BertlGeneralni sekretar: Robin DeisenhammerPredsednica: Elisabeth Puschan Odgovornost: Koro\u0161ka de\u017eelna policijska uprava\u0160tevilka ZVR: 083156547","og_url":"https:\/\/unitedwintergames.com\/sl\/?page_id=1271","og_site_name":"United Winter Games","article_publisher":"https:\/\/www.facebook.com\/UnitedWorldGames","article_modified_time":"2023-11-08T07:30:36+00:00","twitter_card":"summary_large_image","schema":{"@context":"https:\/\/schema.org","@graph":[{"@type":"WebPage","@id":"https:\/\/unitedwintergames.com\/sl\/?page_id=1271","url":"https:\/\/unitedwintergames.com\/sl\/?page_id=1271","name":"Odtis - United Winter Games","isPartOf":{"@id":"https:\/\/unitedwintergames.com\/#website"},"datePublished":"2023-09-26T08:03:12+00:00","dateModified":"2023-11-08T07:30:36+00:00","breadcrumb":{"@id":"https:\/\/unitedwintergames.com\/sl\/?page_id=1271#breadcrumb"},"inLanguage":"sl-SI","potentialAction":[{"@type":"ReadAction","target":["https:\/\/unitedwintergames.com\/sl\/?page_id=1271"]}]},{"@type":"BreadcrumbList","@id":"https:\/\/unitedwintergames.com\/sl\/?page_id=1271#breadcrumb","itemListElement":[{"@type":"ListItem","position":1,"name":"Startseite","item":"https:\/\/unitedwintergames.com\/"},{"@type":"ListItem","position":2,"name":"Odtis"}]},{"@type":"WebSite","@id":"https:\/\/unitedwintergames.com\/#website","url":"https:\/\/unitedwintergames.com\/","name":"United Winter Games","description":"","publisher":{"@id":"https:\/\/unitedwintergames.com\/#organization"},"potentialAction":[{"@type":"SearchAction","target":{"@type":"EntryPoint","urlTemplate":"https:\/\/unitedwintergames.com\/?s={search_term_string}"},"query-input":{"@type":"PropertyValueSpecification","valueRequired":true,"valueName":"search_term_string"}}],"inLanguage":"sl-SI"},{"@type":"Organization","@id":"https:\/\/unitedwintergames.com\/#organization","name":"United Winter Games","url":"https:\/\/unitedwintergames.com\/","logo":{"@type":"ImageObject","inLanguage":"sl-SI","@id":"https:\/\/unitedwintergames.com\/#\/schema\/logo\/image\/","url":"https:\/\/unitedwintergames.com\/wp-content\/uploads\/2023\/09\/UWG-Winter-final_de.svg","contentUrl":"https:\/\/unitedwintergames.com\/wp-content\/uploads\/2023\/09\/UWG-Winter-final_de.svg","width":364,"height":169,"caption":"United Winter Games"},"image":{"@id":"https:\/\/unitedwintergames.com\/#\/schema\/logo\/image\/"},"sameAs":["https:\/\/www.facebook.com\/UnitedWorldGames","https:\/\/www.instagram.com\/unitedworldgames\/"]}]}},"_links":{"self":[{"href":"https:\/\/unitedwintergames.com\/sl\/wp-json\/wp\/v2\/pages\/1271","targetHints":{"allow":["GET"]}}],"collection":[{"href":"https:\/\/unitedwintergames.com\/sl\/wp-json\/wp\/v2\/pages"}],"about":[{"href":"https:\/\/unitedwintergames.com\/sl\/wp-json\/wp\/v2\/types\/page"}],"author":[{"embeddable":true,"href":"https:\/\/unitedwintergames.com\/sl\/wp-json\/wp\/v2\/users\/1"}],"replies":[{"embeddable":true,"href":"https:\/\/unitedwintergames.com\/sl\/wp-json\/wp\/v2\/comments?post=1271"}],"version-history":[{"count":2,"href":"https:\/\/unitedwintergames.com\/sl\/wp-json\/wp\/v2\/pages\/1271\/revisions"}],"predecessor-version":[{"id":1273,"href":"https:\/\/unitedwintergames.com\/sl\/wp-json\/wp\/v2\/pages\/1271\/revisions\/1273"}],"wp:attachment":[{"href":"https:\/\/unitedwintergames.com\/sl\/wp-json\/wp\/v2\/media?parent=1271"}],"curies":[{"name":"wp","href":"https:\/\/api.w.org\/{rel}","templated":true}]}}