{"id":1301,"date":"2023-10-11T13:52:15","date_gmt":"2023-10-11T11:52:15","guid":{"rendered":"https:\/\/unitedwintergames.com\/o-nas\/"},"modified":"2023-11-08T08:30:39","modified_gmt":"2023-11-08T07:30:39","slug":"o-nas","status":"publish","type":"page","link":"https:\/\/unitedwintergames.com\/sl\/o-nas\/","title":{"rendered":"O nas"},"content":{"rendered":"\t\t<div data-elementor-type=\"wp-page\" data-elementor-id=\"1301\" class=\"elementor elementor-1301 elementor-587\">\n\t\t\t\t<div class=\"elementor-element elementor-element-6c545f27 e-con-full e-flex e-con e-parent\" data-id=\"6c545f27\" data-element_type=\"container\" data-settings=\"{&quot;background_background&quot;:&quot;classic&quot;}\">\n\t\t\t\t<div class=\"elementor-element elementor-element-31270df5 animated-slow elementor-invisible elementor-widget elementor-widget-heading\" data-id=\"31270df5\" data-element_type=\"widget\" data-settings=\"{&quot;_animation&quot;:&quot;slideInUp&quot;}\" data-widget_type=\"heading.default\">\n\t\t\t\t<div class=\"elementor-widget-container\">\n\t\t\t\t\t<p class=\"elementor-heading-title elementor-size-default\">VE\u010c KOT LE TEKMOVANJE<\/p>\t\t\t\t<\/div>\n\t\t\t\t<\/div>\n\t\t\t\t<div class=\"elementor-element elementor-element-3747aef2 animated-slow elementor-invisible elementor-widget elementor-widget-heading\" data-id=\"3747aef2\" data-element_type=\"widget\" data-settings=\"{&quot;_animation&quot;:&quot;slideInUp&quot;}\" data-widget_type=\"heading.default\">\n\t\t\t\t<div class=\"elementor-widget-container\">\n\t\t\t\t\t<h1 class=\"elementor-heading-title elementor-size-default\">Kdo smo<\/h1>\t\t\t\t<\/div>\n\t\t\t\t<\/div>\n\t\t<div class=\"elementor-element elementor-element-3371d252 e-con-full e-flex e-con e-child\" data-id=\"3371d252\" data-element_type=\"container\">\n\t\t<div class=\"elementor-element elementor-element-18030c40 animated-slow e-con-full e-flex elementor-invisible e-con e-child\" data-id=\"18030c40\" data-element_type=\"container\" data-settings=\"{&quot;background_background&quot;:&quot;classic&quot;,&quot;animation&quot;:&quot;fadeInUp&quot;,&quot;animation_delay&quot;:600}\">\n\t\t\t\t<\/div>\n\t\t<div class=\"elementor-element elementor-element-16b54728 e-con-full e-flex e-con e-child\" data-id=\"16b54728\" data-element_type=\"container\" data-settings=\"{&quot;shape_divider_top&quot;:&quot;triangle&quot;}\">\n\t\t\t\t<div class=\"elementor-shape elementor-shape-top\" aria-hidden=\"true\" data-negative=\"false\">\n\t\t\t<svg xmlns=\"http:\/\/www.w3.org\/2000\/svg\" viewBox=\"0 0 1000 100\" preserveAspectRatio=\"none\">\n\t<path class=\"elementor-shape-fill\" d=\"M500,98.9L0,6.1V0h1000v6.1L500,98.9z\"\/>\n<\/svg>\t\t<\/div>\n\t\t\t\t<div class=\"elementor-element elementor-element-1f4509de elementor-widget elementor-widget-blockquote\" data-id=\"1f4509de\" data-element_type=\"widget\" data-widget_type=\"blockquote.default\">\n\t\t\t\t<div class=\"elementor-widget-container\">\n\t\t\t\t\t \t\t\t\t<\/div>\n\t\t\t\t<\/div>\n\t\t\t\t<div class=\"elementor-element elementor-element-785acc8 elementor-widget elementor-widget-text-editor\" data-id=\"785acc8\" data-element_type=\"widget\" data-widget_type=\"text-editor.default\">\n\t\t\t\t<div class=\"elementor-widget-container\">\n\t\t\t\t\t\t\t\t\tPri\u017eiganje ognja prijateljstva in <\/br>, ki zdru\u017euje svet prek \u0161porta.<\/br>\nIzjava o viziji UWG\t\t\t\t\t\t\t\t<\/div>\n\t\t\t\t<\/div>\n\t\t\t\t<div class=\"elementor-element elementor-element-71b01775 elementor-widget elementor-widget-text-editor\" data-id=\"71b01775\" data-element_type=\"widget\" data-widget_type=\"text-editor.default\">\n\t\t\t\t<div class=\"elementor-widget-container\">\n\t\t\t\t\t\t\t\t\t<p>Prve Zdru\u017eene svetovne igre so potekale leta 2004, njihov namen pa je bil zbrati mlade \u0161portnike z vsega sveta in jih zdru\u017eiti na skupnem mladinskem \u0161portnem dogodku. Ta dogodek je \u017ee od samega za\u010detka obljubljal zabavo, akcijo in razburljiva \u0161portna tekmovanja.<\/p>\n<p>Z leti so igre postale vse bolj priljubljene in so prinesle ne\u0161teto nepozabnih do\u017eivetij. Zelo smo hvale\u017eni, da smo lahko skupaj z na\u0161imi odli\u010dnimi udele\u017eenci opravili to vznemirljivo pot.<\/p>\n<p>In zdaj, polni pri\u010dakovanj za prihodnost, s ponosom prvi\u010d predstavljamo zimsko izdajo. Potekal bo v Avstriji, vodilni dr\u017eavi na podro\u010dju zimskih \u0161portov, in izkoristil bo edinstven \u010dar regije treh de\u017eel.<\/p>\n\t\t\t\t\t\t\t\t<\/div>\n\t\t\t\t<\/div>\n\t\t\t\t<\/div>\n\t\t\t\t<\/div>\n\t\t\t\t<\/div>\n\t\t<div class=\"elementor-element elementor-element-6dbd9b7 e-flex e-con-boxed e-con e-parent\" data-id=\"6dbd9b7\" data-element_type=\"container\">\n\t\t\t\t\t<div class=\"e-con-inner\">\n\t\t<div class=\"elementor-element elementor-element-c47f091 e-con-full e-flex e-con e-child\" data-id=\"c47f091\" data-element_type=\"container\">\n\t\t\t\t<div class=\"elementor-element elementor-element-87f0da7 elementor-widget elementor-widget-text-editor\" data-id=\"87f0da7\" data-element_type=\"widget\" data-widget_type=\"text-editor.default\">\n\t\t\t\t<div class=\"elementor-widget-container\">\n\t\t\t\t\t\t\t\t\t<p>Za organizacijo tekmovanj in turnirjev na profesionalni ravni tesno sodelujemo s priznanimi in zelo izku\u0161enimi klubi. Zaradi partnerstva z <strong>Zdru\u017eenjem smu\u010darjev Villach<\/strong> in <strong>Smu\u010darskim klubom Arnoldstein<\/strong> ter usposobljenimi <strong>lokalnimi trenerji<\/strong> lahko zagotovimo vrhunsko organizacijo zimskih \u0161portnih tekmovanj v okviru zdru\u017eenih zimskih iger.<\/p>\n<p>Tako kot pri poletnem dogodku se tudi pri hokejskem turnirju zana\u0161amo na preizku\u0161eno sodelovanje z <strong>Mariom Kullnigom<\/strong> in dru\u017ebo <strong>HTC<\/strong>.<\/p>\n<p>Poleg tega smo ponosni, da lahko<strong> ponudbo prostega sloga<\/strong> predstavimo v tesnem sodelovanju s podjetjem Shred School, ki uspe\u0161no deluje \u017ee 20 let in ponuja vrhunska do\u017eivetja prostega sloga.<\/p>\n\t\t\t\t\t\t\t\t<\/div>\n\t\t\t\t<\/div>\n\t\t\t\t<\/div>\n\t\t<div class=\"elementor-element elementor-element-66a251c e-con-full e-flex e-con e-child\" data-id=\"66a251c\" data-element_type=\"container\">\n\t\t\t\t<div class=\"elementor-element elementor-element-1d2707d elementor-widget elementor-widget-heading\" data-id=\"1d2707d\" data-element_type=\"widget\" data-widget_type=\"heading.default\">\n\t\t\t\t<div class=\"elementor-widget-container\">\n\t\t\t\t\t<h2 class=\"elementor-heading-title elementor-size-default\">Skupaj za uspeh - na\u0161i partnerji<\/h2>\t\t\t\t<\/div>\n\t\t\t\t<\/div>\n\t\t\t\t<\/div>\n\t\t\t\t\t<\/div>\n\t\t\t\t<\/div>\n\t\t\t\t<\/div>\n\t\t","protected":false},"excerpt":{"rendered":"<p>VE\u010c KOT LE TEKMOVANJE Kdo smo En svet in tiso\u010d prijateljev. Pri\u017eiganje ognja prijateljstva in , ki zdru\u017euje svet prek \u0161porta. Izjava o viziji UWG Prve Zdru\u017eene svetovne igre so potekale leta 2004, njihov namen pa je bil zbrati mlade \u0161portnike z vsega sveta in jih zdru\u017eiti na skupnem mladinskem \u0161portnem dogodku. Ta dogodek je [&hellip;]<\/p>\n","protected":false},"author":1,"featured_media":0,"parent":0,"menu_order":0,"comment_status":"closed","ping_status":"closed","template":"","meta":{"footnotes":""},"class_list":["post-1301","page","type-page","status-publish","hentry"],"yoast_head":"<!-- This site is optimized with the Yoast SEO plugin v27.0 - https:\/\/yoast.com\/product\/yoast-seo-wordpress\/ -->\n<title>O nas - United Winter Games<\/title>\n<meta name=\"robots\" content=\"index, follow, max-snippet:-1, max-image-preview:large, max-video-preview:-1\" \/>\n<link rel=\"canonical\" href=\"https:\/\/unitedwintergames.com\/sl\/?page_id=1301\" \/>\n<meta property=\"og:locale\" content=\"sl_SI\" \/>\n<meta property=\"og:type\" content=\"article\" \/>\n<meta property=\"og:title\" content=\"O nas - United Winter Games\" \/>\n<meta property=\"og:description\" content=\"VE\u010c KOT LE TEKMOVANJE Kdo smo En svet in tiso\u010d prijateljev. Pri\u017eiganje ognja prijateljstva in , ki zdru\u017euje svet prek \u0161porta. Izjava o viziji UWG Prve Zdru\u017eene svetovne igre so potekale leta 2004, njihov namen pa je bil zbrati mlade \u0161portnike z vsega sveta in jih zdru\u017eiti na skupnem mladinskem \u0161portnem dogodku. Ta dogodek je [&hellip;]\" \/>\n<meta property=\"og:url\" content=\"https:\/\/unitedwintergames.com\/sl\/?page_id=1301\" \/>\n<meta property=\"og:site_name\" content=\"United Winter Games\" \/>\n<meta property=\"article:publisher\" content=\"https:\/\/www.facebook.com\/UnitedWorldGames\" \/>\n<meta property=\"article:modified_time\" content=\"2023-11-08T07:30:39+00:00\" \/>\n<meta name=\"twitter:card\" content=\"summary_large_image\" \/>\n<meta name=\"twitter:label1\" content=\"Est. reading time\" \/>\n\t<meta name=\"twitter:data1\" content=\"1 minuta\" \/>\n<script type=\"application\/ld+json\" class=\"yoast-schema-graph\">{\"@context\":\"https:\/\/schema.org\",\"@graph\":[{\"@type\":\"WebPage\",\"@id\":\"https:\/\/unitedwintergames.com\/sl\/?page_id=1301\",\"url\":\"https:\/\/unitedwintergames.com\/sl\/?page_id=1301\",\"name\":\"O nas - United Winter Games\",\"isPartOf\":{\"@id\":\"https:\/\/unitedwintergames.com\/#website\"},\"datePublished\":\"2023-10-11T11:52:15+00:00\",\"dateModified\":\"2023-11-08T07:30:39+00:00\",\"breadcrumb\":{\"@id\":\"https:\/\/unitedwintergames.com\/sl\/?page_id=1301#breadcrumb\"},\"inLanguage\":\"sl-SI\",\"potentialAction\":[{\"@type\":\"ReadAction\",\"target\":[\"https:\/\/unitedwintergames.com\/sl\/?page_id=1301\"]}]},{\"@type\":\"BreadcrumbList\",\"@id\":\"https:\/\/unitedwintergames.com\/sl\/?page_id=1301#breadcrumb\",\"itemListElement\":[{\"@type\":\"ListItem\",\"position\":1,\"name\":\"Startseite\",\"item\":\"https:\/\/unitedwintergames.com\/\"},{\"@type\":\"ListItem\",\"position\":2,\"name\":\"O nas\"}]},{\"@type\":\"WebSite\",\"@id\":\"https:\/\/unitedwintergames.com\/#website\",\"url\":\"https:\/\/unitedwintergames.com\/\",\"name\":\"United Winter Games\",\"description\":\"\",\"publisher\":{\"@id\":\"https:\/\/unitedwintergames.com\/#organization\"},\"potentialAction\":[{\"@type\":\"SearchAction\",\"target\":{\"@type\":\"EntryPoint\",\"urlTemplate\":\"https:\/\/unitedwintergames.com\/?s={search_term_string}\"},\"query-input\":{\"@type\":\"PropertyValueSpecification\",\"valueRequired\":true,\"valueName\":\"search_term_string\"}}],\"inLanguage\":\"sl-SI\"},{\"@type\":\"Organization\",\"@id\":\"https:\/\/unitedwintergames.com\/#organization\",\"name\":\"United Winter Games\",\"url\":\"https:\/\/unitedwintergames.com\/\",\"logo\":{\"@type\":\"ImageObject\",\"inLanguage\":\"sl-SI\",\"@id\":\"https:\/\/unitedwintergames.com\/#\/schema\/logo\/image\/\",\"url\":\"https:\/\/unitedwintergames.com\/wp-content\/uploads\/2023\/09\/UWG-Winter-final_de.svg\",\"contentUrl\":\"https:\/\/unitedwintergames.com\/wp-content\/uploads\/2023\/09\/UWG-Winter-final_de.svg\",\"width\":364,\"height\":169,\"caption\":\"United Winter Games\"},\"image\":{\"@id\":\"https:\/\/unitedwintergames.com\/#\/schema\/logo\/image\/\"},\"sameAs\":[\"https:\/\/www.facebook.com\/UnitedWorldGames\",\"https:\/\/www.instagram.com\/unitedworldgames\/\"]}]}<\/script>\n<!-- \/ Yoast SEO plugin. -->","yoast_head_json":{"title":"O nas - United Winter Games","robots":{"index":"index","follow":"follow","max-snippet":"max-snippet:-1","max-image-preview":"max-image-preview:large","max-video-preview":"max-video-preview:-1"},"canonical":"https:\/\/unitedwintergames.com\/sl\/?page_id=1301","og_locale":"sl_SI","og_type":"article","og_title":"O nas - United Winter Games","og_description":"VE\u010c KOT LE TEKMOVANJE Kdo smo En svet in tiso\u010d prijateljev. Pri\u017eiganje ognja prijateljstva in , ki zdru\u017euje svet prek \u0161porta. Izjava o viziji UWG Prve Zdru\u017eene svetovne igre so potekale leta 2004, njihov namen pa je bil zbrati mlade \u0161portnike z vsega sveta in jih zdru\u017eiti na skupnem mladinskem \u0161portnem dogodku. Ta dogodek je [&hellip;]","og_url":"https:\/\/unitedwintergames.com\/sl\/?page_id=1301","og_site_name":"United Winter Games","article_publisher":"https:\/\/www.facebook.com\/UnitedWorldGames","article_modified_time":"2023-11-08T07:30:39+00:00","twitter_card":"summary_large_image","twitter_misc":{"Est. reading time":"1 minuta"},"schema":{"@context":"https:\/\/schema.org","@graph":[{"@type":"WebPage","@id":"https:\/\/unitedwintergames.com\/sl\/?page_id=1301","url":"https:\/\/unitedwintergames.com\/sl\/?page_id=1301","name":"O nas - United Winter Games","isPartOf":{"@id":"https:\/\/unitedwintergames.com\/#website"},"datePublished":"2023-10-11T11:52:15+00:00","dateModified":"2023-11-08T07:30:39+00:00","breadcrumb":{"@id":"https:\/\/unitedwintergames.com\/sl\/?page_id=1301#breadcrumb"},"inLanguage":"sl-SI","potentialAction":[{"@type":"ReadAction","target":["https:\/\/unitedwintergames.com\/sl\/?page_id=1301"]}]},{"@type":"BreadcrumbList","@id":"https:\/\/unitedwintergames.com\/sl\/?page_id=1301#breadcrumb","itemListElement":[{"@type":"ListItem","position":1,"name":"Startseite","item":"https:\/\/unitedwintergames.com\/"},{"@type":"ListItem","position":2,"name":"O nas"}]},{"@type":"WebSite","@id":"https:\/\/unitedwintergames.com\/#website","url":"https:\/\/unitedwintergames.com\/","name":"United Winter Games","description":"","publisher":{"@id":"https:\/\/unitedwintergames.com\/#organization"},"potentialAction":[{"@type":"SearchAction","target":{"@type":"EntryPoint","urlTemplate":"https:\/\/unitedwintergames.com\/?s={search_term_string}"},"query-input":{"@type":"PropertyValueSpecification","valueRequired":true,"valueName":"search_term_string"}}],"inLanguage":"sl-SI"},{"@type":"Organization","@id":"https:\/\/unitedwintergames.com\/#organization","name":"United Winter Games","url":"https:\/\/unitedwintergames.com\/","logo":{"@type":"ImageObject","inLanguage":"sl-SI","@id":"https:\/\/unitedwintergames.com\/#\/schema\/logo\/image\/","url":"https:\/\/unitedwintergames.com\/wp-content\/uploads\/2023\/09\/UWG-Winter-final_de.svg","contentUrl":"https:\/\/unitedwintergames.com\/wp-content\/uploads\/2023\/09\/UWG-Winter-final_de.svg","width":364,"height":169,"caption":"United Winter Games"},"image":{"@id":"https:\/\/unitedwintergames.com\/#\/schema\/logo\/image\/"},"sameAs":["https:\/\/www.facebook.com\/UnitedWorldGames","https:\/\/www.instagram.com\/unitedworldgames\/"]}]}},"_links":{"self":[{"href":"https:\/\/unitedwintergames.com\/sl\/wp-json\/wp\/v2\/pages\/1301","targetHints":{"allow":["GET"]}}],"collection":[{"href":"https:\/\/unitedwintergames.com\/sl\/wp-json\/wp\/v2\/pages"}],"about":[{"href":"https:\/\/unitedwintergames.com\/sl\/wp-json\/wp\/v2\/types\/page"}],"author":[{"embeddable":true,"href":"https:\/\/unitedwintergames.com\/sl\/wp-json\/wp\/v2\/users\/1"}],"replies":[{"embeddable":true,"href":"https:\/\/unitedwintergames.com\/sl\/wp-json\/wp\/v2\/comments?post=1301"}],"version-history":[{"count":2,"href":"https:\/\/unitedwintergames.com\/sl\/wp-json\/wp\/v2\/pages\/1301\/revisions"}],"predecessor-version":[{"id":1304,"href":"https:\/\/unitedwintergames.com\/sl\/wp-json\/wp\/v2\/pages\/1301\/revisions\/1304"}],"wp:attachment":[{"href":"https:\/\/unitedwintergames.com\/sl\/wp-json\/wp\/v2\/media?parent=1301"}],"curies":[{"name":"wp","href":"https:\/\/api.w.org\/{rel}","templated":true}]}}