{"id":1406,"date":"2023-09-21T13:27:17","date_gmt":"2023-09-21T11:27:17","guid":{"rendered":"https:\/\/unitedwintergames.com\/politika-zasebnosti\/"},"modified":"2023-11-08T08:48:03","modified_gmt":"2023-11-08T07:48:03","slug":"politika-zasebnosti","status":"publish","type":"page","link":"https:\/\/unitedwintergames.com\/sl\/politika-zasebnosti\/","title":{"rendered":"Politika zasebnosti"},"content":{"rendered":"\t\t<div data-elementor-type=\"wp-page\" data-elementor-id=\"1406\" class=\"elementor elementor-1406 elementor-3\">\n\t\t\t\t<div class=\"elementor-element elementor-element-51fef797 e-flex e-con-boxed e-con e-parent\" data-id=\"51fef797\" data-element_type=\"container\">\n\t\t\t\t\t<div class=\"e-con-inner\">\n\t\t\t\t<div class=\"elementor-element elementor-element-74c5a65 elementor-widget elementor-widget-heading\" data-id=\"74c5a65\" data-element_type=\"widget\" data-widget_type=\"heading.default\">\n\t\t\t\t<div class=\"elementor-widget-container\">\n\t\t\t\t\t<h2 class=\"elementor-heading-title elementor-size-default\">Politika zasebnosti<\/h2>\t\t\t\t<\/div>\n\t\t\t\t<\/div>\n\t\t\t\t<div class=\"elementor-element elementor-element-741bc881 elementor-widget elementor-widget-text-editor\" data-id=\"741bc881\" data-element_type=\"widget\" data-widget_type=\"text-editor.default\">\n\t\t\t\t<div class=\"elementor-widget-container\">\n\t\t\t\t\t\t\t\t\t<h2>Varstvo osebnih podatkov<\/h2>\n<p>Mi (United World Games, Siebenh\u00fcgelstra\u00dfe 107A\/Stiege 2, 9020 Celovec ob W\u00f6rthersee) obdelujemo va\u0161e osebne podatke samo v primeru va\u0161e privolitve, v okviru pogodbenega razmerja (ali kot del va\u0161ega \u010dlanstva) ali \u010de obstaja druga pravna podlaga (v skladu z GDPR\/DSGVO). Zbiramo samo osebne podatke, ki so potrebni za opravljanje in izvajanje na\u0161ih nalog in storitev ali ki ste nam jih prostovoljno posredovali.<\/p>\n<h2>Va\u0161a pravica do informacij in izbrisa<\/h2>\n<p>Imate pravico do informacij o svojih shranjenih osebnih podatkih, njihovem izvoru in prejemniku ter namenu obdelave podatkov, pa tudi pravico do popravka, ugovora, prenosa podatkov, omejitve obdelave ter blokiranja ali izbrisa nepravilnih\/neprimernih obdelanih podatkov.<\/p>\n<p>Prav tako imate pravico, da kadar koli prekli\u010dete kakr\u0161no koli privolitev za uporabo va\u0161ih osebnih podatkov. Za uveljavljanje pravic posameznika, na katerega se nana\u0161ajo osebni podatki (informacije, izbris, popravek, ugovor in\/ali prenos podatkov), se lahko obrnete na nas (United World Games, Siebenh\u00fcgelstra\u00dfe 107A\/Stiege 2, 9020 Klagenfurt am W\u00f6rthersee).<\/p>\n<p>\u010ce menite, da na\u0161a obdelava va\u0161ih osebnih podatkov kr\u0161i veljavno zakonodajo o varstvu podatkov ali da so bili va\u0161i zahtevki za varstvo podatkov kr\u0161eni na drug na\u010din, se lahko prito\u017eite pri ustreznem nadzornem organu. V Avstriji je to organ za varstvo podatkov 1107\/5000.<\/p>\n<h2>Uporaba podatkov &#8211; Varnost<\/h2>\n<p>Posredovani podatki se ne bodo uporabljali za druge namene kot za pogodbeno razmerje\/\u010dlanstvo ali z va\u0161im soglasjem ali za druge namene, ki so v skladu z GDPR\/DSGVO. Izjema je uporaba v statisti\u010dne namene, \u010de so bili posredovani podatki anonimizirani.<\/p>\n<p>Sprejeli smo najsodobnej\u0161e organizacijske in tehni\u010dne previdnostne ukrepe za zagotovitev za\u0161\u010dite va\u0161ih osebnih podatkov (za\u0161\u010dita pred zlorabo, tako notranja kot zunanja, vklju\u010dno s po\u017earnimi zidovi, \u0161ifriranjem, avtorizacijo dostopa itd.). Vendar pa ni mogo\u010de izklju\u010diti, da lahko do informacij dostopajo ali jih uporabljajo druge osebe zaradi napak pri prenosu podatkov, ki jih nismo povzro\u010dili, ali nepoobla\u0161\u010denega dostopa tretjih oseb (hekerjev itd.). Za to ne prevzemamo nobene odgovornosti, razen \u010de smo nepravilno uporabo povzro\u010dili mi.<\/p>\n<h2>Prenos podatkov tretjim osebam<\/h2>\n<p>Na splo\u0161no va\u0161ih osebnih podatkov ne delimo z drugimi. Vendar pa je za izpolnitev pogodbenega razmerja ali iz pravnih razlogov morda treba va\u0161e podatke posredovati tretjim osebam. To so lahko npr. organi ali druge vklju\u010dene tretje osebe (vklju\u010dno z obdelovalci, ki delajo za nas). V tem primeru se va\u0161i podatki razkrijejo izklju\u010dno na podlagi GDPR\/DSGVO (na podlagi va\u0161e privolitve, izpolnitve pogodbe, izpolnitve zakonske obveznosti itd.).<\/p>\n<p>Opozarjamo tudi, da lahko va\u0161e osebne podatke posredujemo prejemnikom (glejte zgoraj) zunaj va\u0161e dr\u017eave. Vendar va\u0161e osebne podatke posredujemo samo in izklju\u010dno na podlagi GDPR\/DSGVO (ustrezna raven varstva podatkov ali dolo\u010ditev ukrepov za zagotovitev ustrezne ravni varstva podatkov za vse prejemnike).<\/p>\n<h2>Shranjevanje in brisanje podatkov<\/h2>\n<p>Va\u0161e osebne podatke bomo hranili najve\u010d toliko \u010dasa, kot je potrebno za namene, za katere jih obdelujemo. Podatki se hranijo tudi za namene dokazovanja ob upo\u0161tevanju zastaralnega roka ali dokler je mo\u017een na\u0161 zahtevek (odgovornost).<\/p>\n<h2>Pi\u0161kotki<\/h2>\n<p>Na\u0161e spletno mesto uporablja pi\u0161kotke. To so majhne besedilne datoteke, ki jih brskalnik shrani v va\u0161o napravo. Pi\u0161kotke uporabljamo zato, da je na\u0161a ponudba uporabniku prijazna. Nekateri pi\u0161kotki lahko ostanejo shranjeni v va\u0161i napravi, dokler jih ne izbri\u0161ete. Omogo\u010dajo nam, da ob naslednjem obisku prepoznamo va\u0161 brskalnik. \u010ce tega ne \u017eelite, lahko brskalnik nastavite tako, da vas obvesti o nastavitvi pi\u0161kotkov in jih boste lahko v posameznih primerih dovolili. \u010ce pride do deaktivacije pi\u0161kotkov, je funkcionalnost na\u0161ega spletnega mesta lahko omejena.<\/p>\n<h2>Uporaba storitve Instagram<\/h2>\n<p>Na na\u0161em spletnem mestu uporabljamo funkcije dru\u017eabnega omre\u017eja Instagram podjetja Instagram LLC, 1601 Willow Rd, Menlo Park CA 94025, Zdru\u017eene dr\u017eave Amerike.<\/p>\n<p>Slike in videoposnetke lahko prika\u017eemo s funkcijami vgrajevanja vsebine v Instagramu. S priklicem strani, ki uporabljajo tak\u0161ne funkcije, se podatki (naslov IP, podatki o brskalniku, datum in \u010das, pi\u0161kotki) prenesejo na Instagram, ki jih shrani in analizira.<\/p>\n<p>\u010ce imate ra\u010dun Instagram in ste prijavljeni vanj, bodo ti podatki dodeljeni va\u0161emu osebnemu ra\u010dunu in podatkom, shranjenim v njem.<\/p>\n<p>Pravilnik o zasebnosti, katere podatke zbira in kako jih uporablja Instagram, je na voljo na spletnem mestu <a href=\"https:\/\/help.instagram.com\/155833707900388\">https:\/\/help.instagram.com\/155833707900388<\/a>.<\/p>\n<h2>Vstavljeni videoposnetki YouTube<\/h2>\n<p>Videoposnetke YouTube vgrajujemo v svoja spletna mesta. Upravljavec teh vti\u010dnikov je YouTube, LLC, 901 Cherry Ave, San Bruno, CA 94066, Zdru\u017eene dr\u017eave Amerike. Ko obi\u0161\u010dete stran z vti\u010dnikom YouTube, se vzpostavi povezava s stre\u017eniki YouTube. YouTube nato prejme informacije o tem, katere strani ste obiskali. \u010ce ste prijavljeni v svoj ra\u010dun YouTube, lahko YouTube va\u0161e vedenje pri brskanju pripi\u0161e vam osebno. To lahko prepre\u010dite tako, da se predhodno odjavite iz ra\u010duna YouTube.<\/p>\n<p>Ob predvajanju videoposnetka YouTube upravljavec namesti pi\u0161kotke, ki zbirajo informacije o vedenju uporabnika. \u010ce je shranjevanje pi\u0161kotkov za program GoogleAd deaktivirano, teh pi\u0161kotkov med gledanjem videoposnetkov YouTube ni treba pri\u010dakovati. Vendar YouTube shranjuje tudi neosebne podatke o uporabi v drugih pi\u0161kotkih. \u010ce \u017eelite to prepre\u010diti, morate v brskalniku blokirati pi\u0161kotke.<\/p>\n<p>Dodatne informacije o varstvu podatkov v YouTubu so na voljo v njihovem pravilniku o zasebnosti na naslovu: https: <a href=\"https:\/\/www.google.de\/intl\/de\/policies\/privacy\/\">\/\/www.google.de\/intl\/de\/policies\/privacy\/<\/a>.<\/p>\n<h2>Glasilo<\/h2>\n<p>\u010ce \u017eelite prejemati e-novice, ki so na voljo na spletnem mestu, od vas potrebujemo e-po\u0161tni naslov in podatke, s katerimi lahko preverimo, ali ste lastnik navedenega e-po\u0161tnega naslova in ali se strinjate s prejemanjem e-novic. Nadaljnji podatki se ne bodo zbirali. Te podatke uporabljamo izklju\u010dno za po\u0161iljanje zahtevanih informacij in jih ne posredujemo tretjim osebam.<\/p>\n<p>Svojo privolitev v shranjevanje podatkov, e-po\u0161tni naslov in njegovo uporabo za po\u0161iljanje glasila lahko kadar koli prekli\u010dete, na primer s klikom na povezavo &#8220;odjava&#8221; v glasilu.<\/p>\n<h2>Spletna analiza \/ Dnevni\u0161ke datoteke stre\u017enika<\/h2>\n<p>Ponudnik tega spletnega mesta samodejno shranjuje informacije v tako imenovane stre\u017eni\u0161ke dnevni\u0161ke datoteke, ki jih samodejno posreduje va\u0161 brskalnik. To vklju\u010duje va\u0161 naslov IP, nastavitve brskalnika in jezika, operacijski sistem, ponudnika internetnih storitev, datum\/\u010das, URL. Vse to je namenjeno optimizaciji spletnega mesta z vidika uporabnosti in zagotavljanju uporabnih informacij o na\u0161ih storitvah. Ti podatki se ne zdru\u017eujejo z viri osebnih podatkov.<\/p>\n<h2>Zunanje povezave<\/h2>\n<p>Nekatere na\u0161e spletne strani so povezane s spletnimi stranmi tretjih oseb, da bi vam zagotovili iz\u010drpne informacije. Na ta spletna mesta nimamo nobenega vpliva in nismo odgovorni za vsebino, ki jo ponujajo. Na\u010dela tega pravilnika o zasebnosti ne veljajo za ta zunanja spletna mesta.<\/p>\n<h2>Spremembe na\u0161ega pravilnika o zasebnosti<\/h2>\n<p>Pridr\u017eujemo si pravico do sprememb tega pravilnika o zasebnosti, da bo vedno skladen z veljavnimi zakonskimi zahtevami ali da bodo upo\u0161tevane spremembe na\u0161ih storitev, npr. ob uvedbi novih storitev. Novi pravilnik o zasebnosti bo veljal, ko boste naslednji\u010d obiskali na\u0161e spletno mesto.<\/p>\t\t\t\t\t\t\t\t<\/div>\n\t\t\t\t<\/div>\n\t\t\t\t\t<\/div>\n\t\t\t\t<\/div>\n\t\t\t\t<\/div>\n\t\t","protected":false},"excerpt":{"rendered":"<p>Politika zasebnosti Varstvo osebnih podatkov Mi (United World Games, Siebenh\u00fcgelstra\u00dfe 107A\/Stiege 2, 9020 Celovec ob W\u00f6rthersee) obdelujemo va\u0161e osebne podatke samo v primeru va\u0161e privolitve, v okviru pogodbenega razmerja (ali kot del va\u0161ega \u010dlanstva) ali \u010de obstaja druga pravna podlaga (v skladu z GDPR\/DSGVO). Zbiramo samo osebne podatke, ki so potrebni za opravljanje in izvajanje [&hellip;]<\/p>\n","protected":false},"author":1,"featured_media":0,"parent":0,"menu_order":0,"comment_status":"closed","ping_status":"open","template":"","meta":{"footnotes":""},"class_list":["post-1406","page","type-page","status-publish","hentry"],"yoast_head":"<!-- This site is optimized with the Yoast SEO plugin v27.0 - https:\/\/yoast.com\/product\/yoast-seo-wordpress\/ -->\n<title>Politika zasebnosti - United Winter Games<\/title>\n<meta name=\"robots\" content=\"index, follow, max-snippet:-1, max-image-preview:large, max-video-preview:-1\" \/>\n<link rel=\"canonical\" href=\"https:\/\/unitedwintergames.com\/sl\/?page_id=1406\" \/>\n<meta property=\"og:locale\" content=\"sl_SI\" \/>\n<meta property=\"og:type\" content=\"article\" \/>\n<meta property=\"og:title\" content=\"Politika zasebnosti - United Winter Games\" \/>\n<meta property=\"og:description\" content=\"Politika zasebnosti Varstvo osebnih podatkov Mi (United World Games, Siebenh\u00fcgelstra\u00dfe 107A\/Stiege 2, 9020 Celovec ob W\u00f6rthersee) obdelujemo va\u0161e osebne podatke samo v primeru va\u0161e privolitve, v okviru pogodbenega razmerja (ali kot del va\u0161ega \u010dlanstva) ali \u010de obstaja druga pravna podlaga (v skladu z GDPR\/DSGVO). Zbiramo samo osebne podatke, ki so potrebni za opravljanje in izvajanje [&hellip;]\" \/>\n<meta property=\"og:url\" content=\"https:\/\/unitedwintergames.com\/sl\/?page_id=1406\" \/>\n<meta property=\"og:site_name\" content=\"United Winter Games\" \/>\n<meta property=\"article:publisher\" content=\"https:\/\/www.facebook.com\/UnitedWorldGames\" \/>\n<meta property=\"article:modified_time\" content=\"2023-11-08T07:48:03+00:00\" \/>\n<meta name=\"twitter:card\" content=\"summary_large_image\" \/>\n<meta name=\"twitter:label1\" content=\"Est. reading time\" \/>\n\t<meta name=\"twitter:data1\" content=\"6 minut\" \/>\n<script type=\"application\/ld+json\" class=\"yoast-schema-graph\">{\"@context\":\"https:\/\/schema.org\",\"@graph\":[{\"@type\":\"WebPage\",\"@id\":\"https:\/\/unitedwintergames.com\/sl\/?page_id=1406\",\"url\":\"https:\/\/unitedwintergames.com\/sl\/?page_id=1406\",\"name\":\"Politika zasebnosti - United Winter Games\",\"isPartOf\":{\"@id\":\"https:\/\/unitedwintergames.com\/#website\"},\"datePublished\":\"2023-09-21T11:27:17+00:00\",\"dateModified\":\"2023-11-08T07:48:03+00:00\",\"breadcrumb\":{\"@id\":\"https:\/\/unitedwintergames.com\/sl\/?page_id=1406#breadcrumb\"},\"inLanguage\":\"sl-SI\",\"potentialAction\":[{\"@type\":\"ReadAction\",\"target\":[\"https:\/\/unitedwintergames.com\/sl\/?page_id=1406\"]}]},{\"@type\":\"BreadcrumbList\",\"@id\":\"https:\/\/unitedwintergames.com\/sl\/?page_id=1406#breadcrumb\",\"itemListElement\":[{\"@type\":\"ListItem\",\"position\":1,\"name\":\"Startseite\",\"item\":\"https:\/\/unitedwintergames.com\/\"},{\"@type\":\"ListItem\",\"position\":2,\"name\":\"Politika zasebnosti\"}]},{\"@type\":\"WebSite\",\"@id\":\"https:\/\/unitedwintergames.com\/#website\",\"url\":\"https:\/\/unitedwintergames.com\/\",\"name\":\"United Winter Games\",\"description\":\"\",\"publisher\":{\"@id\":\"https:\/\/unitedwintergames.com\/#organization\"},\"potentialAction\":[{\"@type\":\"SearchAction\",\"target\":{\"@type\":\"EntryPoint\",\"urlTemplate\":\"https:\/\/unitedwintergames.com\/?s={search_term_string}\"},\"query-input\":{\"@type\":\"PropertyValueSpecification\",\"valueRequired\":true,\"valueName\":\"search_term_string\"}}],\"inLanguage\":\"sl-SI\"},{\"@type\":\"Organization\",\"@id\":\"https:\/\/unitedwintergames.com\/#organization\",\"name\":\"United Winter Games\",\"url\":\"https:\/\/unitedwintergames.com\/\",\"logo\":{\"@type\":\"ImageObject\",\"inLanguage\":\"sl-SI\",\"@id\":\"https:\/\/unitedwintergames.com\/#\/schema\/logo\/image\/\",\"url\":\"https:\/\/unitedwintergames.com\/wp-content\/uploads\/2023\/09\/UWG-Winter-final_de.svg\",\"contentUrl\":\"https:\/\/unitedwintergames.com\/wp-content\/uploads\/2023\/09\/UWG-Winter-final_de.svg\",\"width\":364,\"height\":169,\"caption\":\"United Winter Games\"},\"image\":{\"@id\":\"https:\/\/unitedwintergames.com\/#\/schema\/logo\/image\/\"},\"sameAs\":[\"https:\/\/www.facebook.com\/UnitedWorldGames\",\"https:\/\/www.instagram.com\/unitedworldgames\/\"]}]}<\/script>\n<!-- \/ Yoast SEO plugin. -->","yoast_head_json":{"title":"Politika zasebnosti - United Winter Games","robots":{"index":"index","follow":"follow","max-snippet":"max-snippet:-1","max-image-preview":"max-image-preview:large","max-video-preview":"max-video-preview:-1"},"canonical":"https:\/\/unitedwintergames.com\/sl\/?page_id=1406","og_locale":"sl_SI","og_type":"article","og_title":"Politika zasebnosti - United Winter Games","og_description":"Politika zasebnosti Varstvo osebnih podatkov Mi (United World Games, Siebenh\u00fcgelstra\u00dfe 107A\/Stiege 2, 9020 Celovec ob W\u00f6rthersee) obdelujemo va\u0161e osebne podatke samo v primeru va\u0161e privolitve, v okviru pogodbenega razmerja (ali kot del va\u0161ega \u010dlanstva) ali \u010de obstaja druga pravna podlaga (v skladu z GDPR\/DSGVO). Zbiramo samo osebne podatke, ki so potrebni za opravljanje in izvajanje [&hellip;]","og_url":"https:\/\/unitedwintergames.com\/sl\/?page_id=1406","og_site_name":"United Winter Games","article_publisher":"https:\/\/www.facebook.com\/UnitedWorldGames","article_modified_time":"2023-11-08T07:48:03+00:00","twitter_card":"summary_large_image","twitter_misc":{"Est. reading time":"6 minut"},"schema":{"@context":"https:\/\/schema.org","@graph":[{"@type":"WebPage","@id":"https:\/\/unitedwintergames.com\/sl\/?page_id=1406","url":"https:\/\/unitedwintergames.com\/sl\/?page_id=1406","name":"Politika zasebnosti - United Winter Games","isPartOf":{"@id":"https:\/\/unitedwintergames.com\/#website"},"datePublished":"2023-09-21T11:27:17+00:00","dateModified":"2023-11-08T07:48:03+00:00","breadcrumb":{"@id":"https:\/\/unitedwintergames.com\/sl\/?page_id=1406#breadcrumb"},"inLanguage":"sl-SI","potentialAction":[{"@type":"ReadAction","target":["https:\/\/unitedwintergames.com\/sl\/?page_id=1406"]}]},{"@type":"BreadcrumbList","@id":"https:\/\/unitedwintergames.com\/sl\/?page_id=1406#breadcrumb","itemListElement":[{"@type":"ListItem","position":1,"name":"Startseite","item":"https:\/\/unitedwintergames.com\/"},{"@type":"ListItem","position":2,"name":"Politika zasebnosti"}]},{"@type":"WebSite","@id":"https:\/\/unitedwintergames.com\/#website","url":"https:\/\/unitedwintergames.com\/","name":"United Winter Games","description":"","publisher":{"@id":"https:\/\/unitedwintergames.com\/#organization"},"potentialAction":[{"@type":"SearchAction","target":{"@type":"EntryPoint","urlTemplate":"https:\/\/unitedwintergames.com\/?s={search_term_string}"},"query-input":{"@type":"PropertyValueSpecification","valueRequired":true,"valueName":"search_term_string"}}],"inLanguage":"sl-SI"},{"@type":"Organization","@id":"https:\/\/unitedwintergames.com\/#organization","name":"United Winter Games","url":"https:\/\/unitedwintergames.com\/","logo":{"@type":"ImageObject","inLanguage":"sl-SI","@id":"https:\/\/unitedwintergames.com\/#\/schema\/logo\/image\/","url":"https:\/\/unitedwintergames.com\/wp-content\/uploads\/2023\/09\/UWG-Winter-final_de.svg","contentUrl":"https:\/\/unitedwintergames.com\/wp-content\/uploads\/2023\/09\/UWG-Winter-final_de.svg","width":364,"height":169,"caption":"United Winter Games"},"image":{"@id":"https:\/\/unitedwintergames.com\/#\/schema\/logo\/image\/"},"sameAs":["https:\/\/www.facebook.com\/UnitedWorldGames","https:\/\/www.instagram.com\/unitedworldgames\/"]}]}},"_links":{"self":[{"href":"https:\/\/unitedwintergames.com\/sl\/wp-json\/wp\/v2\/pages\/1406","targetHints":{"allow":["GET"]}}],"collection":[{"href":"https:\/\/unitedwintergames.com\/sl\/wp-json\/wp\/v2\/pages"}],"about":[{"href":"https:\/\/unitedwintergames.com\/sl\/wp-json\/wp\/v2\/types\/page"}],"author":[{"embeddable":true,"href":"https:\/\/unitedwintergames.com\/sl\/wp-json\/wp\/v2\/users\/1"}],"replies":[{"embeddable":true,"href":"https:\/\/unitedwintergames.com\/sl\/wp-json\/wp\/v2\/comments?post=1406"}],"version-history":[{"count":2,"href":"https:\/\/unitedwintergames.com\/sl\/wp-json\/wp\/v2\/pages\/1406\/revisions"}],"predecessor-version":[{"id":1408,"href":"https:\/\/unitedwintergames.com\/sl\/wp-json\/wp\/v2\/pages\/1406\/revisions\/1408"}],"wp:attachment":[{"href":"https:\/\/unitedwintergames.com\/sl\/wp-json\/wp\/v2\/media?parent=1406"}],"curies":[{"name":"wp","href":"https:\/\/api.w.org\/{rel}","templated":true}]}}