{"id":1963,"date":"2023-12-07T12:10:35","date_gmt":"2023-12-07T11:10:35","guid":{"rendered":"https:\/\/unitedwintergames.com\/sport\/"},"modified":"2024-02-08T12:05:05","modified_gmt":"2024-02-08T11:05:05","slug":"sport","status":"publish","type":"page","link":"https:\/\/unitedwintergames.com\/sl\/sport\/","title":{"rendered":"\u0160port"},"content":{"rendered":"\t\t<div data-elementor-type=\"wp-page\" data-elementor-id=\"1963\" class=\"elementor elementor-1963 elementor-1764\">\n\t\t\t\t<div class=\"elementor-element elementor-element-19053c45 e-con-full e-flex e-con e-parent\" data-id=\"19053c45\" data-element_type=\"container\">\n\t\t<div class=\"elementor-element elementor-element-13d33862 e-con-full e-flex e-con e-child\" data-id=\"13d33862\" data-element_type=\"container\" data-settings=\"{&quot;background_background&quot;:&quot;classic&quot;}\">\n\t\t\t\t<div class=\"elementor-element elementor-element-46ad004 elementor-widget elementor-widget-heading\" data-id=\"46ad004\" data-element_type=\"widget\" data-widget_type=\"heading.default\">\n\t\t\t\t<div class=\"elementor-widget-container\">\n\t\t\t\t\t<p class=\"elementor-heading-title elementor-size-default\">Bodite del prvih zdru\u017eenih zimskih iger<\/p>\t\t\t\t<\/div>\n\t\t\t\t<\/div>\n\t\t\t\t<div class=\"elementor-element elementor-element-53363d62 elementor-widget elementor-widget-heading\" data-id=\"53363d62\" data-element_type=\"widget\" data-widget_type=\"heading.default\">\n\t\t\t\t<div class=\"elementor-widget-container\">\n\t\t\t\t\t<h1 class=\"elementor-heading-title elementor-size-default\">\u0160port<\/h1>\t\t\t\t<\/div>\n\t\t\t\t<\/div>\n\t\t\t\t<div class=\"elementor-element elementor-element-725f68b elementor-widget elementor-widget-text-editor\" data-id=\"725f68b\" data-element_type=\"widget\" data-widget_type=\"text-editor.default\">\n\t\t\t\t<div class=\"elementor-widget-container\">\n\t\t\t\t\t\t\t\t\t<p>\u010cista akcija: vse informacije o hokeju na ledu, prostem slogu in smu\u010danju na zimskih igrah. Tekmujte, igrajte se in se zabavajte!<\/p>\n\t\t\t\t\t\t\t\t<\/div>\n\t\t\t\t<\/div>\n\t\t\t\t<\/div>\n\t\t<div class=\"elementor-element elementor-element-3bce9c6a e-con-full e-flex e-con e-child\" data-id=\"3bce9c6a\" data-element_type=\"container\" data-settings=\"{&quot;background_background&quot;:&quot;classic&quot;}\">\n\t\t\t\t<\/div>\n\t\t\t\t<\/div>\n\t\t<div class=\"elementor-element elementor-element-750dc561 e-flex e-con-boxed e-con e-parent\" data-id=\"750dc561\" data-element_type=\"container\" id=\"verein\" data-settings=\"{&quot;background_background&quot;:&quot;gradient&quot;}\">\n\t\t\t\t\t<div class=\"e-con-inner\">\n\t\t<div class=\"elementor-element elementor-element-1f28ce23 e-con-full e-flex e-con e-child\" data-id=\"1f28ce23\" data-element_type=\"container\">\n\t\t\t\t<div class=\"elementor-element elementor-element-4a632b82 elementor-widget elementor-widget-heading\" data-id=\"4a632b82\" data-element_type=\"widget\" data-widget_type=\"heading.default\">\n\t\t\t\t<div class=\"elementor-widget-container\">\n\t\t\t\t\t<h2 class=\"elementor-heading-title elementor-size-default\">Klub dirka\u010dev<\/h2>\t\t\t\t<\/div>\n\t\t\t\t<\/div>\n\t\t\t\t<div class=\"elementor-element elementor-element-36161a1 elementor-widget elementor-widget-image\" data-id=\"36161a1\" data-element_type=\"widget\" data-widget_type=\"image.default\">\n\t\t\t\t<div class=\"elementor-widget-container\">\n\t\t\t\t\t\t\t\t\t\t\t\t\t\t\t<img fetchpriority=\"high\" decoding=\"async\" width=\"800\" height=\"533\" src=\"https:\/\/unitedwintergames.com\/wp-content\/uploads\/2023\/12\/Kinderrennen_Hrast.webp\" class=\"attachment-large size-large wp-image-1929\" alt=\"\" srcset=\"https:\/\/unitedwintergames.com\/wp-content\/uploads\/2023\/12\/Kinderrennen_Hrast.webp 800w, https:\/\/unitedwintergames.com\/wp-content\/uploads\/2023\/12\/Kinderrennen_Hrast-300x200.webp 300w, https:\/\/unitedwintergames.com\/wp-content\/uploads\/2023\/12\/Kinderrennen_Hrast-768x512.webp 768w\" sizes=\"(max-width: 800px) 100vw, 800px\" \/>\t\t\t\t\t\t\t\t\t\t\t\t\t\t\t<\/div>\n\t\t\t\t<\/div>\n\t\t\t\t<\/div>\n\t\t<div class=\"elementor-element elementor-element-552ce0 e-con-full e-flex e-con e-child\" data-id=\"552ce0\" data-element_type=\"container\">\n\t\t\t\t<div class=\"elementor-element elementor-element-49e2fee elementor-widget elementor-widget-text-editor\" data-id=\"49e2fee\" data-element_type=\"widget\" data-widget_type=\"text-editor.default\">\n\t\t\t\t<div class=\"elementor-widget-container\">\n\t\t\t\t\t\t\t\t\t<p>Vsi zimski \u0161portniki, ki so \u010dlani kluba in tekmujejo v smu\u010danju, se lahko v tem razredu primerjajo z najbolj\u0161imi pokalnimi in klubskimi smu\u010darji s Koro\u0161ke in \u0161ir\u0161e, npr. iz \u0160vice. Koro\u0161ka smu\u010darska zveza je datum Zdru\u017eenih zimskih iger ohranila prost. Slalomsko in veleslalomsko opremo je treba prinesti s seboj.<\/p><\/p>\n\t\t\t\t\t\t\t\t<\/div>\n\t\t\t\t<\/div>\n\t\t\t\t<div class=\"elementor-element elementor-element-9797e18 elementor-widget elementor-widget-text-editor\" data-id=\"9797e18\" data-element_type=\"widget\" data-widget_type=\"text-editor.default\">\n\t\t\t\t<div class=\"elementor-widget-container\">\n\t\t\t\t\t\t\t\t\t<p><strong>Dekleta in fantje<\/strong><\/p>\n<ul>\n<li>Otroci 11 \/ 12 (rojeni 2012-2013)<\/li>\n<li>U\u010denci 14 (rojeni 2010-2011)<\/li>\n<li>U\u010denci 16 (rojeni 2008-2009)<\/li>\n<li>Mladi 18 (rojeni 2006-2007)<\/li>\n<li>Mladi 21 (rojeni 2003-2005)<\/li>\n<\/ul>\n\t\t\t\t\t\t\t\t<\/div>\n\t\t\t\t<\/div>\n\t\t\t\t<\/div>\n\t\t<div class=\"elementor-element elementor-element-7d770122 e-con-full e-flex e-con e-child\" data-id=\"7d770122\" data-element_type=\"container\">\n\t\t\t\t<div class=\"elementor-element elementor-element-6a1b6f9 elementor-widget elementor-widget-text-editor\" data-id=\"6a1b6f9\" data-element_type=\"widget\" data-widget_type=\"text-editor.default\">\n\t\t\t\t<div class=\"elementor-widget-container\">\n\t\t\t\t\t\t\t\t\t<p><strong>Lo\u010dena razvrstitev kombinacij za tekmovalce<\/strong><\/p>\n<p>Za klubske smu\u010darje je na voljo kombinacija slaloma in veleslaloma, ki bo nagrajena na zabavi \u0161portnikov v soboto zve\u010der na drsali\u0161\u010du v Ferlachu. Ta razvrstitev vklju\u010duje rezultate no\u010dnega slaloma v petek in veleslaloma v soboto. Tekmovanje v mini krosu v nedeljo bo nato \u0161telo le za trojno kombinacijo, ki bo nato uporabljena za izbor prvaka UWG.<\/p>\n<p>Kot klubski tekmovalec boste s svojo tekmovalno \u0161tevilko \u0161tartali spredaj in tako imeli najbolj\u0161o prilo\u017enost, da poka\u017eete svoje sposobnosti. Na\u0161i te\u010daji so v skladu z uradnimi predpisi FIS in tekmovalnimi zahtevami za ponujene starostne skupine. Udele\u017eenci se morajo udele\u017eiti vseh treh tekmovanj (v petek, soboto in nedeljo). Vsak udele\u017eenec bo v \u0161tartnem paketu prejel obse\u017eno vre\u010dko z dobrotami s svojo \u0161tevilko dirke.<\/p>\n\t\t\t\t\t\t\t\t<\/div>\n\t\t\t\t<\/div>\n\t\t\t\t<\/div>\n\t\t\t\t\t<\/div>\n\t\t\t\t<\/div>\n\t\t<div class=\"elementor-element elementor-element-c8bee5c e-flex e-con-boxed e-con e-parent\" data-id=\"c8bee5c\" data-element_type=\"container\" id=\"offen\" data-settings=\"{&quot;background_background&quot;:&quot;classic&quot;}\">\n\t\t\t\t\t<div class=\"e-con-inner\">\n\t\t<div class=\"elementor-element elementor-element-d0bfa59 e-con-full e-flex e-con e-child\" data-id=\"d0bfa59\" data-element_type=\"container\">\n\t\t\t\t<div class=\"elementor-element elementor-element-118a4d1 elementor-widget elementor-widget-heading\" data-id=\"118a4d1\" data-element_type=\"widget\" data-widget_type=\"heading.default\">\n\t\t\t\t<div class=\"elementor-widget-container\">\n\t\t\t\t\t<h2 class=\"elementor-heading-title elementor-size-default\">Smu\u010dar ali deskar na snegu brez tekmovalnih izku\u0161enj<\/h2>\t\t\t\t<\/div>\n\t\t\t\t<\/div>\n\t\t\t\t<div class=\"elementor-element elementor-element-8142c23 elementor-widget elementor-widget-image\" data-id=\"8142c23\" data-element_type=\"widget\" data-widget_type=\"image.default\">\n\t\t\t\t<div class=\"elementor-widget-container\">\n\t\t\t\t\t\t\t\t\t\t\t\t\t\t\t<img decoding=\"async\" width=\"800\" height=\"533\" src=\"https:\/\/unitedwintergames.com\/wp-content\/uploads\/2023\/12\/IMG_5301.webp\" class=\"attachment-large size-large wp-image-1933\" alt=\"\" srcset=\"https:\/\/unitedwintergames.com\/wp-content\/uploads\/2023\/12\/IMG_5301.webp 800w, https:\/\/unitedwintergames.com\/wp-content\/uploads\/2023\/12\/IMG_5301-300x200.webp 300w, https:\/\/unitedwintergames.com\/wp-content\/uploads\/2023\/12\/IMG_5301-768x512.webp 768w\" sizes=\"(max-width: 800px) 100vw, 800px\" \/>\t\t\t\t\t\t\t\t\t\t\t\t\t\t\t<\/div>\n\t\t\t\t<\/div>\n\t\t\t\t<\/div>\n\t\t<div class=\"elementor-element elementor-element-d683ce8 e-con-full e-flex e-con e-child\" data-id=\"d683ce8\" data-element_type=\"container\">\n\t\t\t\t<div class=\"elementor-element elementor-element-78f59a8 elementor-widget elementor-widget-text-editor\" data-id=\"78f59a8\" data-element_type=\"widget\" data-widget_type=\"text-editor.default\">\n\t\t\t\t<div class=\"elementor-widget-container\">\n\t\t\t\t\t\t\t\t\t<p>V tej tekmovalni kategoriji lahko tekmujejo vsi, ki bi radi dirkali skozi vrata na zimskem dogodku. Brez posebne opreme je en par smu\u010di dovolj za ves vikend &#8211; in prilo\u017enost, da postanete prvak UWG, je \u017eiva!<\/p>\n\t\t\t\t\t\t\t\t<\/div>\n\t\t\t\t<\/div>\n\t\t\t\t<div class=\"elementor-element elementor-element-4005f5e elementor-widget elementor-widget-text-editor\" data-id=\"4005f5e\" data-element_type=\"widget\" data-widget_type=\"text-editor.default\">\n\t\t\t\t<div class=\"elementor-widget-container\">\n\t\t\t\t\t\t\t\t\t<p>Ponujene starostne kategorije so enake tekmovalnim razredom:  <br \/><strong>Dekleta in fantje<\/strong><\/p>\n<ul>\n<li>Otroci 11 \/ 12 (rojeni 2012-2013)<\/li>\n<li>U\u010denci 14 (rojeni 2010-2011)<\/li>\n<li>U\u010denci 16 (rojeni 2008-2009)<\/li>\n<li>Mladi 18 (rojeni 2006-2007)<\/li>\n<li>Mladi 21 (rojeni 2003-2005)<\/li>\n<\/ul>\n\t\t\t\t\t\t\t\t<\/div>\n\t\t\t\t<\/div>\n\t\t\t\t<\/div>\n\t\t<div class=\"elementor-element elementor-element-81c2dd0 e-con-full e-flex e-con e-child\" data-id=\"81c2dd0\" data-element_type=\"container\">\n\t\t\t\t<div class=\"elementor-element elementor-element-37e2acb elementor-widget elementor-widget-text-editor\" data-id=\"37e2acb\" data-element_type=\"widget\" data-widget_type=\"text-editor.default\">\n\t\t\t\t<div class=\"elementor-widget-container\">\n\t\t\t\t\t\t\t\t\t<p>Z odprto kategorijo vam \u017eelimo odvzeti nekaj pritiska in zabavo postaviti v ospredje. Vabljeni vsi, da se udele\u017eite tridnevnega tekmovanja na snegu in se pomerite z enako misle\u010dimi. Po treh dneh zabave na snegu na Koro\u0161kem bo okronan zimski prvak UWG in sklenjena \u0161tevilna nova prijateljstva. Vsak udele\u017eenec bo ob prijavi prejel obse\u017eno vre\u010dko z dobrotami s svojo \u0161tevilko dirke.<\/p>\n\t\t\t\t\t\t\t\t<\/div>\n\t\t\t\t<\/div>\n\t\t\t\t<\/div>\n\t\t\t\t\t<\/div>\n\t\t\t\t<\/div>\n\t\t\t\t<\/div>\n\t\t","protected":false},"excerpt":{"rendered":"<p>Bodite del prvih zdru\u017eenih zimskih iger \u0160port \u010cista akcija: vse informacije o hokeju na ledu, prostem slogu in smu\u010danju na zimskih igrah. Tekmujte, igrajte se in se zabavajte! Klub dirka\u010dev Vsi zimski \u0161portniki, ki so \u010dlani kluba in tekmujejo v smu\u010danju, se lahko v tem razredu primerjajo z najbolj\u0161imi pokalnimi in klubskimi smu\u010darji s Koro\u0161ke [&hellip;]<\/p>\n","protected":false},"author":1,"featured_media":0,"parent":0,"menu_order":0,"comment_status":"closed","ping_status":"closed","template":"","meta":{"footnotes":""},"class_list":["post-1963","page","type-page","status-publish","hentry"],"yoast_head":"<!-- This site is optimized with the Yoast SEO plugin v27.0 - https:\/\/yoast.com\/product\/yoast-seo-wordpress\/ -->\n<title>\u0160port - United Winter Games<\/title>\n<meta name=\"robots\" content=\"index, follow, max-snippet:-1, max-image-preview:large, max-video-preview:-1\" \/>\n<link rel=\"canonical\" href=\"https:\/\/unitedwintergames.com\/sl\/sport\/\" \/>\n<meta property=\"og:locale\" content=\"sl_SI\" \/>\n<meta property=\"og:type\" content=\"article\" \/>\n<meta property=\"og:title\" content=\"\u0160port - United Winter Games\" \/>\n<meta property=\"og:description\" content=\"Bodite del prvih zdru\u017eenih zimskih iger \u0160port \u010cista akcija: vse informacije o hokeju na ledu, prostem slogu in smu\u010danju na zimskih igrah. Tekmujte, igrajte se in se zabavajte! Klub dirka\u010dev Vsi zimski \u0161portniki, ki so \u010dlani kluba in tekmujejo v smu\u010danju, se lahko v tem razredu primerjajo z najbolj\u0161imi pokalnimi in klubskimi smu\u010darji s Koro\u0161ke [&hellip;]\" \/>\n<meta property=\"og:url\" content=\"https:\/\/unitedwintergames.com\/sl\/sport\/\" \/>\n<meta property=\"og:site_name\" content=\"United Winter Games\" \/>\n<meta property=\"article:publisher\" content=\"https:\/\/www.facebook.com\/UnitedWorldGames\" \/>\n<meta property=\"article:modified_time\" content=\"2024-02-08T11:05:05+00:00\" \/>\n<meta property=\"og:image\" content=\"https:\/\/unitedwintergames.com\/wp-content\/uploads\/2023\/12\/Kinderrennen_Hrast.webp\" \/>\n<meta name=\"twitter:card\" content=\"summary_large_image\" \/>\n<meta name=\"twitter:label1\" content=\"Est. reading time\" \/>\n\t<meta name=\"twitter:data1\" content=\"2 minuti\" \/>\n<script type=\"application\/ld+json\" class=\"yoast-schema-graph\">{\"@context\":\"https:\/\/schema.org\",\"@graph\":[{\"@type\":\"WebPage\",\"@id\":\"https:\/\/unitedwintergames.com\/sl\/sport\/\",\"url\":\"https:\/\/unitedwintergames.com\/sl\/sport\/\",\"name\":\"\u0160port - United Winter Games\",\"isPartOf\":{\"@id\":\"https:\/\/unitedwintergames.com\/#website\"},\"primaryImageOfPage\":{\"@id\":\"https:\/\/unitedwintergames.com\/sl\/sport\/#primaryimage\"},\"image\":{\"@id\":\"https:\/\/unitedwintergames.com\/sl\/sport\/#primaryimage\"},\"thumbnailUrl\":\"https:\/\/unitedwintergames.com\/wp-content\/uploads\/2023\/12\/Kinderrennen_Hrast.webp\",\"datePublished\":\"2023-12-07T11:10:35+00:00\",\"dateModified\":\"2024-02-08T11:05:05+00:00\",\"breadcrumb\":{\"@id\":\"https:\/\/unitedwintergames.com\/sl\/sport\/#breadcrumb\"},\"inLanguage\":\"sl-SI\",\"potentialAction\":[{\"@type\":\"ReadAction\",\"target\":[\"https:\/\/unitedwintergames.com\/sl\/sport\/\"]}]},{\"@type\":\"ImageObject\",\"inLanguage\":\"sl-SI\",\"@id\":\"https:\/\/unitedwintergames.com\/sl\/sport\/#primaryimage\",\"url\":\"https:\/\/unitedwintergames.com\/wp-content\/uploads\/2023\/12\/Kinderrennen_Hrast.webp\",\"contentUrl\":\"https:\/\/unitedwintergames.com\/wp-content\/uploads\/2023\/12\/Kinderrennen_Hrast.webp\"},{\"@type\":\"BreadcrumbList\",\"@id\":\"https:\/\/unitedwintergames.com\/sl\/sport\/#breadcrumb\",\"itemListElement\":[{\"@type\":\"ListItem\",\"position\":1,\"name\":\"Startseite\",\"item\":\"https:\/\/unitedwintergames.com\/\"},{\"@type\":\"ListItem\",\"position\":2,\"name\":\"\u0160port\"}]},{\"@type\":\"WebSite\",\"@id\":\"https:\/\/unitedwintergames.com\/#website\",\"url\":\"https:\/\/unitedwintergames.com\/\",\"name\":\"United Winter Games\",\"description\":\"\",\"publisher\":{\"@id\":\"https:\/\/unitedwintergames.com\/#organization\"},\"potentialAction\":[{\"@type\":\"SearchAction\",\"target\":{\"@type\":\"EntryPoint\",\"urlTemplate\":\"https:\/\/unitedwintergames.com\/?s={search_term_string}\"},\"query-input\":{\"@type\":\"PropertyValueSpecification\",\"valueRequired\":true,\"valueName\":\"search_term_string\"}}],\"inLanguage\":\"sl-SI\"},{\"@type\":\"Organization\",\"@id\":\"https:\/\/unitedwintergames.com\/#organization\",\"name\":\"United Winter Games\",\"url\":\"https:\/\/unitedwintergames.com\/\",\"logo\":{\"@type\":\"ImageObject\",\"inLanguage\":\"sl-SI\",\"@id\":\"https:\/\/unitedwintergames.com\/#\/schema\/logo\/image\/\",\"url\":\"https:\/\/unitedwintergames.com\/wp-content\/uploads\/2023\/09\/UWG-Winter-final_de.svg\",\"contentUrl\":\"https:\/\/unitedwintergames.com\/wp-content\/uploads\/2023\/09\/UWG-Winter-final_de.svg\",\"width\":364,\"height\":169,\"caption\":\"United Winter Games\"},\"image\":{\"@id\":\"https:\/\/unitedwintergames.com\/#\/schema\/logo\/image\/\"},\"sameAs\":[\"https:\/\/www.facebook.com\/UnitedWorldGames\",\"https:\/\/www.instagram.com\/unitedworldgames\/\"]}]}<\/script>\n<!-- \/ Yoast SEO plugin. -->","yoast_head_json":{"title":"\u0160port - United Winter Games","robots":{"index":"index","follow":"follow","max-snippet":"max-snippet:-1","max-image-preview":"max-image-preview:large","max-video-preview":"max-video-preview:-1"},"canonical":"https:\/\/unitedwintergames.com\/sl\/sport\/","og_locale":"sl_SI","og_type":"article","og_title":"\u0160port - United Winter Games","og_description":"Bodite del prvih zdru\u017eenih zimskih iger \u0160port \u010cista akcija: vse informacije o hokeju na ledu, prostem slogu in smu\u010danju na zimskih igrah. Tekmujte, igrajte se in se zabavajte! Klub dirka\u010dev Vsi zimski \u0161portniki, ki so \u010dlani kluba in tekmujejo v smu\u010danju, se lahko v tem razredu primerjajo z najbolj\u0161imi pokalnimi in klubskimi smu\u010darji s Koro\u0161ke [&hellip;]","og_url":"https:\/\/unitedwintergames.com\/sl\/sport\/","og_site_name":"United Winter Games","article_publisher":"https:\/\/www.facebook.com\/UnitedWorldGames","article_modified_time":"2024-02-08T11:05:05+00:00","og_image":[{"url":"https:\/\/unitedwintergames.com\/wp-content\/uploads\/2023\/12\/Kinderrennen_Hrast.webp","type":"","width":"","height":""}],"twitter_card":"summary_large_image","twitter_misc":{"Est. reading time":"2 minuti"},"schema":{"@context":"https:\/\/schema.org","@graph":[{"@type":"WebPage","@id":"https:\/\/unitedwintergames.com\/sl\/sport\/","url":"https:\/\/unitedwintergames.com\/sl\/sport\/","name":"\u0160port - United Winter Games","isPartOf":{"@id":"https:\/\/unitedwintergames.com\/#website"},"primaryImageOfPage":{"@id":"https:\/\/unitedwintergames.com\/sl\/sport\/#primaryimage"},"image":{"@id":"https:\/\/unitedwintergames.com\/sl\/sport\/#primaryimage"},"thumbnailUrl":"https:\/\/unitedwintergames.com\/wp-content\/uploads\/2023\/12\/Kinderrennen_Hrast.webp","datePublished":"2023-12-07T11:10:35+00:00","dateModified":"2024-02-08T11:05:05+00:00","breadcrumb":{"@id":"https:\/\/unitedwintergames.com\/sl\/sport\/#breadcrumb"},"inLanguage":"sl-SI","potentialAction":[{"@type":"ReadAction","target":["https:\/\/unitedwintergames.com\/sl\/sport\/"]}]},{"@type":"ImageObject","inLanguage":"sl-SI","@id":"https:\/\/unitedwintergames.com\/sl\/sport\/#primaryimage","url":"https:\/\/unitedwintergames.com\/wp-content\/uploads\/2023\/12\/Kinderrennen_Hrast.webp","contentUrl":"https:\/\/unitedwintergames.com\/wp-content\/uploads\/2023\/12\/Kinderrennen_Hrast.webp"},{"@type":"BreadcrumbList","@id":"https:\/\/unitedwintergames.com\/sl\/sport\/#breadcrumb","itemListElement":[{"@type":"ListItem","position":1,"name":"Startseite","item":"https:\/\/unitedwintergames.com\/"},{"@type":"ListItem","position":2,"name":"\u0160port"}]},{"@type":"WebSite","@id":"https:\/\/unitedwintergames.com\/#website","url":"https:\/\/unitedwintergames.com\/","name":"United Winter Games","description":"","publisher":{"@id":"https:\/\/unitedwintergames.com\/#organization"},"potentialAction":[{"@type":"SearchAction","target":{"@type":"EntryPoint","urlTemplate":"https:\/\/unitedwintergames.com\/?s={search_term_string}"},"query-input":{"@type":"PropertyValueSpecification","valueRequired":true,"valueName":"search_term_string"}}],"inLanguage":"sl-SI"},{"@type":"Organization","@id":"https:\/\/unitedwintergames.com\/#organization","name":"United Winter Games","url":"https:\/\/unitedwintergames.com\/","logo":{"@type":"ImageObject","inLanguage":"sl-SI","@id":"https:\/\/unitedwintergames.com\/#\/schema\/logo\/image\/","url":"https:\/\/unitedwintergames.com\/wp-content\/uploads\/2023\/09\/UWG-Winter-final_de.svg","contentUrl":"https:\/\/unitedwintergames.com\/wp-content\/uploads\/2023\/09\/UWG-Winter-final_de.svg","width":364,"height":169,"caption":"United Winter Games"},"image":{"@id":"https:\/\/unitedwintergames.com\/#\/schema\/logo\/image\/"},"sameAs":["https:\/\/www.facebook.com\/UnitedWorldGames","https:\/\/www.instagram.com\/unitedworldgames\/"]}]}},"_links":{"self":[{"href":"https:\/\/unitedwintergames.com\/sl\/wp-json\/wp\/v2\/pages\/1963","targetHints":{"allow":["GET"]}}],"collection":[{"href":"https:\/\/unitedwintergames.com\/sl\/wp-json\/wp\/v2\/pages"}],"about":[{"href":"https:\/\/unitedwintergames.com\/sl\/wp-json\/wp\/v2\/types\/page"}],"author":[{"embeddable":true,"href":"https:\/\/unitedwintergames.com\/sl\/wp-json\/wp\/v2\/users\/1"}],"replies":[{"embeddable":true,"href":"https:\/\/unitedwintergames.com\/sl\/wp-json\/wp\/v2\/comments?post=1963"}],"version-history":[{"count":4,"href":"https:\/\/unitedwintergames.com\/sl\/wp-json\/wp\/v2\/pages\/1963\/revisions"}],"predecessor-version":[{"id":2055,"href":"https:\/\/unitedwintergames.com\/sl\/wp-json\/wp\/v2\/pages\/1963\/revisions\/2055"}],"wp:attachment":[{"href":"https:\/\/unitedwintergames.com\/sl\/wp-json\/wp\/v2\/media?parent=1963"}],"curies":[{"name":"wp","href":"https:\/\/api.w.org\/{rel}","templated":true}]}}